{"id":694,"date":"2025-07-19T18:44:58","date_gmt":"2025-07-19T18:44:58","guid":{"rendered":"https:\/\/adesmedia.fr\/biography\/"},"modified":"2025-08-23T14:23:31","modified_gmt":"2025-08-23T14:23:31","slug":"edito","status":"publish","type":"page","link":"https:\/\/adesmedia.fr\/en\/edito\/","title":{"rendered":"Editor\u2019s note"},"content":{"rendered":"<div data-aos= \"fade-up\" data-aos-duration=\"400\" data-aos-delay=\"0\" data-aos-easing=\"ease\" data-aos-once=\"true\" class=\"wp-block-uagb-image alignfull uagb-block-b2e9cb66 wp-block-uagb-image--layout-default wp-block-uagb-image--effect-static wp-block-uagb-image--align-full\"><figure class=\"wp-block-uagb-image__figure\"><img decoding=\"async\" srcset=\"https:\/\/adesmedia.fr\/wp-content\/uploads\/2025\/08\/PORTRAITS-202-2-scaled.webp ,https:\/\/adesmedia.fr\/wp-content\/uploads\/2025\/08\/PORTRAITS-202-2-scaled.webp 780w, https:\/\/adesmedia.fr\/wp-content\/uploads\/2025\/08\/PORTRAITS-202-2-scaled.webp 360w\" sizes=\"auto, (max-width: 480px) 150px\" src=\"https:\/\/adesmedia.fr\/wp-content\/uploads\/2025\/08\/PORTRAITS-202-2-scaled.webp\" alt=\"\" class=\"uag-image-2604\" width=\"2560\" height=\"1864\" title=\"PORTRAITS-202\" loading=\"lazy\" role=\"img\"\/><\/figure><\/div>\n\n\n\n<div class=\"wp-block-uagb-advanced-heading uagb-block-5a88ffbf\"><h1 class=\"uagb-heading-text\">Editor's note<\/h1><div class=\"uagb-separator\"><\/div><p class=\"uagb-desc-text\">Crises and threats to journalism are not new, but the rapid transformations in news production over the past quarter century have significantly intensified these pressures worldwide.<br><br>In this context, how can we defend independent journalism and uphold the core values of press freedom and integrity?&nbsp;<br>How can we support journalists on the front lines of democracy? How can we strengthen media literacy and teach younger generations\u2014the citizens of tomorrow\u2014to critically evaluate information? And how can we prepare future media professionals to navigate today\u2019s rapidly evolving information ecosystem? These challenges\u2014disinformation, digital threats, and global press restrictions\u2014are interconnected and urgent.<br><br>Ad\u00e8s media was created to respond to these needs. Our mission is to defend journalism, promote media education, and provide training in journalism safety, both in France and internationally.<\/p><\/div>\n\n\n\n<p><\/p>","protected":false},"excerpt":{"rendered":"<p>\u00e9dito Bien que les crises et les menaces pesant sur la presse et les m\u00e9dias ne soient pas nouvelles, les transformations des processus de production de l\u2019information survenues au cours du dernier quart de si\u00e8cle ont consid\u00e9rablement accentu\u00e9 ces pressions partout dans le monde. Comment, dans ce contexte, contribuer \u00e0 la d\u00e9fense de l\u2019information et [&hellip;]<\/p>","protected":false},"author":1,"featured_media":2540,"parent":0,"menu_order":0,"comment_status":"closed","ping_status":"closed","template":"","meta":{"_uag_custom_page_level_css":"","_monsterinsights_skip_tracking":false,"_monsterinsights_sitenote_active":false,"_monsterinsights_sitenote_note":"","_monsterinsights_sitenote_category":0,"site-sidebar-layout":"no-sidebar","site-content-layout":"page-builder","ast-site-content-layout":"full-width-container","site-content-style":"unboxed","site-sidebar-style":"unboxed","ast-global-header-display":"","ast-banner-title-visibility":"","ast-main-header-display":"","ast-hfb-above-header-display":"","ast-hfb-below-header-display":"","ast-hfb-mobile-header-display":"","site-post-title":"disabled","ast-breadcrumbs-content":"","ast-featured-img":"disabled","footer-sml-layout":"","ast-disable-related-posts":"","theme-transparent-header-meta":"enabled","adv-header-id-meta":"","stick-header-meta":"","header-above-stick-meta":"","header-main-stick-meta":"","header-below-stick-meta":"","astra-migrate-meta-layouts":"set","ast-page-background-enabled":"default","ast-page-background-meta":{"desktop":{"background-color":"","background-image":"","background-repeat":"repeat","background-position":"center center","background-size":"auto","background-attachment":"scroll","background-type":"","background-media":"","overlay-type":"","overlay-color":"","overlay-opacity":"","overlay-gradient":""},"tablet":{"background-color":"","background-image":"","background-repeat":"repeat","background-position":"center center","background-size":"auto","background-attachment":"scroll","background-type":"","background-media":"","overlay-type":"","overlay-color":"","overlay-opacity":"","overlay-gradient":""},"mobile":{"background-color":"","background-image":"","background-repeat":"repeat","background-position":"center center","background-size":"auto","background-attachment":"scroll","background-type":"","background-media":"","overlay-type":"","overlay-color":"","overlay-opacity":"","overlay-gradient":""}},"ast-content-background-meta":{"desktop":{"background-color":"var(--ast-global-color-5)","background-image":"","background-repeat":"repeat","background-position":"center center","background-size":"auto","background-attachment":"scroll","background-type":"","background-media":"","overlay-type":"","overlay-color":"","overlay-opacity":"","overlay-gradient":""},"tablet":{"background-color":"var(--ast-global-color-5)","background-image":"","background-repeat":"repeat","background-position":"center center","background-size":"auto","background-attachment":"scroll","background-type":"","background-media":"","overlay-type":"","overlay-color":"","overlay-opacity":"","overlay-gradient":""},"mobile":{"background-color":"var(--ast-global-color-5)","background-image":"","background-repeat":"repeat","background-position":"center center","background-size":"auto","background-attachment":"scroll","background-type":"","background-media":"","overlay-type":"","overlay-color":"","overlay-opacity":"","overlay-gradient":""}},"footnotes":""},"class_list":["post-694","page","type-page","status-publish","has-post-thumbnail","hentry"],"aioseo_notices":[],"uagb_featured_image_src":{"full":["https:\/\/adesmedia.fr\/wp-content\/uploads\/2025\/08\/PORTRAITS-202-scaled.jpg",2560,1707,false],"thumbnail":["https:\/\/adesmedia.fr\/wp-content\/uploads\/2025\/08\/PORTRAITS-202-150x150.jpg",150,150,true],"medium":["https:\/\/adesmedia.fr\/wp-content\/uploads\/2025\/08\/PORTRAITS-202-300x200.jpg",300,200,true],"medium_large":["https:\/\/adesmedia.fr\/wp-content\/uploads\/2025\/08\/PORTRAITS-202-768x512.jpg",768,512,true],"large":["https:\/\/adesmedia.fr\/wp-content\/uploads\/2025\/08\/PORTRAITS-202-1024x683.jpg",1024,683,true],"1536x1536":["https:\/\/adesmedia.fr\/wp-content\/uploads\/2025\/08\/PORTRAITS-202-1536x1024.jpg",1536,1024,true],"2048x2048":["https:\/\/adesmedia.fr\/wp-content\/uploads\/2025\/08\/PORTRAITS-202-2048x1365.jpg",2048,1365,true],"trp-custom-language-flag":["https:\/\/adesmedia.fr\/wp-content\/uploads\/2025\/08\/PORTRAITS-202-scaled.jpg",18,12,false]},"uagb_author_info":{"display_name":"nancy.wangue@gmail.com","author_link":"https:\/\/adesmedia.fr\/en\/author\/nancy-wanguegmail-com\/"},"uagb_comment_info":0,"uagb_excerpt":"\u00e9dito Bien que les crises et les menaces pesant sur la presse et les m\u00e9dias ne soient pas nouvelles, les transformations des processus de production de l\u2019information survenues au cours du dernier quart de si\u00e8cle ont consid\u00e9rablement accentu\u00e9 ces pressions partout dans le monde. Comment, dans ce contexte, contribuer \u00e0 la d\u00e9fense de l\u2019information et&hellip;","_links":{"self":[{"href":"https:\/\/adesmedia.fr\/en\/wp-json\/wp\/v2\/pages\/694","targetHints":{"allow":["GET"]}}],"collection":[{"href":"https:\/\/adesmedia.fr\/en\/wp-json\/wp\/v2\/pages"}],"about":[{"href":"https:\/\/adesmedia.fr\/en\/wp-json\/wp\/v2\/types\/page"}],"author":[{"embeddable":true,"href":"https:\/\/adesmedia.fr\/en\/wp-json\/wp\/v2\/users\/1"}],"replies":[{"embeddable":true,"href":"https:\/\/adesmedia.fr\/en\/wp-json\/wp\/v2\/comments?post=694"}],"version-history":[{"count":20,"href":"https:\/\/adesmedia.fr\/en\/wp-json\/wp\/v2\/pages\/694\/revisions"}],"predecessor-version":[{"id":2685,"href":"https:\/\/adesmedia.fr\/en\/wp-json\/wp\/v2\/pages\/694\/revisions\/2685"}],"wp:featuredmedia":[{"embeddable":true,"href":"https:\/\/adesmedia.fr\/en\/wp-json\/wp\/v2\/media\/2540"}],"wp:attachment":[{"href":"https:\/\/adesmedia.fr\/en\/wp-json\/wp\/v2\/media?parent=694"}],"curies":[{"name":"wp","href":"https:\/\/api.w.org\/{rel}","templated":true}]}}