{"id":2523,"date":"2025-08-21T16:44:40","date_gmt":"2025-08-21T16:44:40","guid":{"rendered":"https:\/\/adesmedia.fr\/?page_id=2523"},"modified":"2025-09-01T09:10:44","modified_gmt":"2025-09-01T09:10:44","slug":"presentation","status":"publish","type":"page","link":"https:\/\/adesmedia.fr\/en\/presentation\/","title":{"rendered":"About me"},"content":{"rendered":"<div\n\t\t\t\t\t\tclass=\"wp-block-uagb-image-gallery uagb-block-e8afe7b4\"\n\t\t\t\t\t\tstyle=\"\"\n\t\t\t\t\t>\n\t\t\t\t\t\t\t\t\t\t\t<div class=\"spectra-image-gallery spectra-image-gallery__layout--grid spectra-image-gallery__layout--grid-col-4 spectra-image-gallery__layout--grid-col-tab-4 spectra-image-gallery__layout--grid-col-mob-2\">\n\t\t\t\t\t\t\t\t\t\t\t<div class='spectra-image-gallery__media-wrapper' data-spectra-gallery-image-id='2271' tabindex=\"0\">\n\t\t\t\t\t\t\t<div class=\"spectra-image-gallery__media spectra-image-gallery__media--grid\">\n\t\t\t\t<picture>\n\t\t\t\t\t<source media=\"(min-width: 1024px)\" srcset=\"https:\/\/adesmedia.fr\/wp-content\/uploads\/2025\/08\/Capture-decran-2025-08-17-195248.png\">\n\t\t\t\t\t<source media=\"(min-width: 768px)\" srcset=\"https:\/\/adesmedia.fr\/wp-content\/uploads\/2025\/08\/Capture-decran-2025-08-17-195248.png\">\n\t\t\t\t\t<img decoding=\"async\" class=\"spectra-image-gallery__media-thumbnail spectra-image-gallery__media-thumbnail--grid\" src=\"https:\/\/adesmedia.fr\/wp-content\/uploads\/2025\/08\/Capture-decran-2025-08-17-195248-300x291.png\" alt=\"\" loading=\"lazy\" \/>\n\t\t\t\t<\/picture>\n\t\t\t\t<div class=\"spectra-image-gallery__media-thumbnail-blurrer\"><\/div>\n\t\t\t\t\t\t\t\t\t\t\t<div class=\"spectra-image-gallery__media-thumbnail-caption-wrapper spectra-image-gallery__media-thumbnail-caption-wrapper--overlay\"><\/div>\n\t\t\t\t\t\t\t\t<\/div>\n\t\t\t\t\t\t<\/div>\n\t\t\t\t\t\t<div class='spectra-image-gallery__media-wrapper' data-spectra-gallery-image-id='2241' tabindex=\"0\">\n\t\t\t\t\t\t\t<div class=\"spectra-image-gallery__media spectra-image-gallery__media--grid\">\n\t\t\t\t<picture>\n\t\t\t\t\t<source media=\"(min-width: 1024px)\" srcset=\"https:\/\/adesmedia.fr\/wp-content\/uploads\/2025\/08\/AFL-3-1024x702.jpg\">\n\t\t\t\t\t<source media=\"(min-width: 768px)\" srcset=\"https:\/\/adesmedia.fr\/wp-content\/uploads\/2025\/08\/AFL-3-1024x702.jpg\">\n\t\t\t\t\t<img decoding=\"async\" class=\"spectra-image-gallery__media-thumbnail spectra-image-gallery__media-thumbnail--grid\" src=\"https:\/\/adesmedia.fr\/wp-content\/uploads\/2025\/08\/AFL-3-300x206.jpg\" alt=\"\" loading=\"lazy\" \/>\n\t\t\t\t<\/picture>\n\t\t\t\t<div class=\"spectra-image-gallery__media-thumbnail-blurrer\"><\/div>\n\t\t\t\t\t\t\t\t\t\t\t<div class=\"spectra-image-gallery__media-thumbnail-caption-wrapper spectra-image-gallery__media-thumbnail-caption-wrapper--overlay\"><\/div>\n\t\t\t\t\t\t\t\t<\/div>\n\t\t\t\t\t\t<\/div>\n\t\t\t\t\t\t<div class='spectra-image-gallery__media-wrapper' data-spectra-gallery-image-id='2615' tabindex=\"0\">\n\t\t\t\t\t\t\t<div class=\"spectra-image-gallery__media spectra-image-gallery__media--grid\">\n\t\t\t\t<picture>\n\t\t\t\t\t<source media=\"(min-width: 1024px)\" srcset=\"https:\/\/adesmedia.fr\/wp-content\/uploads\/2025\/08\/Capture-decran-2025-08-22-141826-1.png\">\n\t\t\t\t\t<source media=\"(min-width: 768px)\" srcset=\"https:\/\/adesmedia.fr\/wp-content\/uploads\/2025\/08\/Capture-decran-2025-08-22-141826-1.png\">\n\t\t\t\t\t<img decoding=\"async\" class=\"spectra-image-gallery__media-thumbnail spectra-image-gallery__media-thumbnail--grid\" src=\"https:\/\/adesmedia.fr\/wp-content\/uploads\/2025\/08\/Capture-decran-2025-08-22-141826-1-300x300.png\" alt=\"\" loading=\"lazy\" \/>\n\t\t\t\t<\/picture>\n\t\t\t\t<div class=\"spectra-image-gallery__media-thumbnail-blurrer\"><\/div>\n\t\t\t\t\t\t\t\t\t\t\t<div class=\"spectra-image-gallery__media-thumbnail-caption-wrapper spectra-image-gallery__media-thumbnail-caption-wrapper--overlay\"><\/div>\n\t\t\t\t\t\t\t\t<\/div>\n\t\t\t\t\t\t<\/div>\n\t\t\t\t\t\t<div class='spectra-image-gallery__media-wrapper' data-spectra-gallery-image-id='2552' tabindex=\"0\">\n\t\t\t\t\t\t\t<div class=\"spectra-image-gallery__media spectra-image-gallery__media--grid\">\n\t\t\t\t<picture>\n\t\t\t\t\t<source media=\"(min-width: 1024px)\" srcset=\"https:\/\/adesmedia.fr\/wp-content\/uploads\/2025\/08\/Capture-decran-2025-08-22-140532-1024x506.png\">\n\t\t\t\t\t<source media=\"(min-width: 768px)\" srcset=\"https:\/\/adesmedia.fr\/wp-content\/uploads\/2025\/08\/Capture-decran-2025-08-22-140532-1024x506.png\">\n\t\t\t\t\t<img decoding=\"async\" class=\"spectra-image-gallery__media-thumbnail spectra-image-gallery__media-thumbnail--grid\" src=\"https:\/\/adesmedia.fr\/wp-content\/uploads\/2025\/08\/Capture-decran-2025-08-22-140532-300x148.png\" alt=\"\" loading=\"lazy\" \/>\n\t\t\t\t<\/picture>\n\t\t\t\t<div class=\"spectra-image-gallery__media-thumbnail-blurrer\"><\/div>\n\t\t\t\t\t\t\t\t\t\t\t<div class=\"spectra-image-gallery__media-thumbnail-caption-wrapper spectra-image-gallery__media-thumbnail-caption-wrapper--overlay\"><\/div>\n\t\t\t\t\t\t\t\t<\/div>\n\t\t\t\t\t\t<\/div>\n\t\t\t\t\t\t\t\t\t\t<\/div>\n\t\t\t\t\t\t\t\t\t\t\t\t\t\t\t\t\t\t<\/div>\n\t\t\t\t\t\t\t\t\t\n\n\n<div style=\"height:69px\" aria-hidden=\"true\" class=\"wp-block-spacer\"><\/div>\n\n\n\n<div class=\"wp-block-uagb-advanced-heading uagb-block-30ff44cd\"><h2 class=\"uagb-heading-text\">Hello, I am Pauline Ad\u00e8s-M\u00e9vel, a bilingual French-English journalist, journalism trainer, and media consultant. I founded Ad\u00e8s media in 2023 to share my expertise in journalism training, press freedom advocacy, and media literacy.<\/h2><\/div>\n\n\n\n<div style=\"height:100px\" aria-hidden=\"true\" class=\"wp-block-spacer\"><\/div>\n\n\n\n<div class=\"wp-block-uagb-advanced-heading uagb-block-3fe6ccd8\"><h4 class=\"uagb-heading-text\">A specialist in all aspects of news production<\/h4><p class=\"uagb-desc-text\">With over 20 years in international newsrooms\u2014including Reuters, Associated Press, Canal+ and i&gt;T\u00e9l\u00e9\u2014I have reported, written, and edited for both TV and digital platforms. As spokesperson and editor-in-chief at Reporters Without Borders (RSF), I supported journalists facing physical, digital, and legal threats.<br>My career has spanned crisis reporting, advocacy for press freedom, and providing direct assistance to media professionals around the world.<\/p><\/div>\n\n\n\n<div style=\"height:100px\" aria-hidden=\"true\" class=\"wp-block-spacer\"><\/div>\n\n\n\n<div class=\"wp-block-uagb-advanced-heading uagb-block-1ca63665\"><h4 class=\"uagb-heading-text\">Currently,<\/h4><\/div>\n\n\n\n<p><\/p>\n\n\n\n<p style=\"margin-right:0;margin-left:0;padding-right:1.9rem;padding-left:1.9rem;font-size:22px;line-height:1.5\">I share this expertise in both French and English with newsrooms and journalism schools. I train journalists and NGOs in physical safety, digital security, and public speaking. I also design media literacy programs to combat disinformation and foreign interference among young audiences. I teach them how to make their voices heard.&nbsp;<\/p>\n\n\n\n<p style=\"margin-right:0;margin-left:0;padding-right:1.9rem;padding-left:1.9rem;font-size:22px;line-height:1.5\">I regularly moderate debates and panel discussions on the future of journalism, democracy, and freedom of expression\u2014an essential fight to defend our democratic standards in an increasingly volatile world.&nbsp;<\/p>\n\n\n\n<p style=\"padding-right:1.8rem;padding-left:1.8rem;font-size:22px;line-height:1.5\">Building on my experience at Reporters Without Borders EU and Balkan desk, I remain active in promoting European journalism standards and supporting press freedom in Balkan countries seeking EU membership.<\/p>\n\n\n\n<p style=\"padding-right:1.8rem;padding-left:1.8rem;font-size:22px;line-height:1.5\">In parallel, with Trait d\u2019Union\u2014an association I founded in 2020\u2014I provide training on European institutions and their and their role in protecting media and journalists.<\/p>\n\n\n\n<p><\/p>","protected":false},"excerpt":{"rendered":"<p>Je suis Pam &#8211; Pauline Ad\u00e8s-M\u00e9vel &#8211; journaliste bilingue fran\u00e7ais-anglais, formatrice et enseignante, j&rsquo;ai fond\u00e9 Ad\u00e8s media en 2023. Experte de la production d&rsquo;information sous toutes ses formes, je suis engag\u00e9e de longue date dans la d\u00e9fense de la libert\u00e9 de la presse et des droits des journalistes. En tant qu\u2019ancienne porte-parole et r\u00e9dactrice en [&hellip;]<\/p>","protected":false},"author":1,"featured_media":0,"parent":0,"menu_order":0,"comment_status":"closed","ping_status":"closed","template":"","meta":{"_uag_custom_page_level_css":"","_monsterinsights_skip_tracking":false,"_monsterinsights_sitenote_active":false,"_monsterinsights_sitenote_note":"","_monsterinsights_sitenote_category":0,"site-sidebar-layout":"default","site-content-layout":"","ast-site-content-layout":"default","site-content-style":"default","site-sidebar-style":"default","ast-global-header-display":"","ast-banner-title-visibility":"","ast-main-header-display":"","ast-hfb-above-header-display":"","ast-hfb-below-header-display":"","ast-hfb-mobile-header-display":"","site-post-title":"disabled","ast-breadcrumbs-content":"","ast-featured-img":"","footer-sml-layout":"","ast-disable-related-posts":"","theme-transparent-header-meta":"","adv-header-id-meta":"","stick-header-meta":"","header-above-stick-meta":"","header-main-stick-meta":"","header-below-stick-meta":"","astra-migrate-meta-layouts":"set","ast-page-background-enabled":"default","ast-page-background-meta":{"desktop":{"background-color":"","background-image":"","background-repeat":"repeat","background-position":"center center","background-size":"auto","background-attachment":"scroll","background-type":"","background-media":"","overlay-type":"","overlay-color":"","overlay-opacity":"","overlay-gradient":""},"tablet":{"background-color":"","background-image":"","background-repeat":"repeat","background-position":"center center","background-size":"auto","background-attachment":"scroll","background-type":"","background-media":"","overlay-type":"","overlay-color":"","overlay-opacity":"","overlay-gradient":""},"mobile":{"background-color":"","background-image":"","background-repeat":"repeat","background-position":"center center","background-size":"auto","background-attachment":"scroll","background-type":"","background-media":"","overlay-type":"","overlay-color":"","overlay-opacity":"","overlay-gradient":""}},"ast-content-background-meta":{"desktop":{"background-color":"var(--ast-global-color-5)","background-image":"","background-repeat":"repeat","background-position":"center center","background-size":"auto","background-attachment":"scroll","background-type":"","background-media":"","overlay-type":"","overlay-color":"","overlay-opacity":"","overlay-gradient":""},"tablet":{"background-color":"var(--ast-global-color-5)","background-image":"","background-repeat":"repeat","background-position":"center center","background-size":"auto","background-attachment":"scroll","background-type":"","background-media":"","overlay-type":"","overlay-color":"","overlay-opacity":"","overlay-gradient":""},"mobile":{"background-color":"var(--ast-global-color-5)","background-image":"","background-repeat":"repeat","background-position":"center center","background-size":"auto","background-attachment":"scroll","background-type":"","background-media":"","overlay-type":"","overlay-color":"","overlay-opacity":"","overlay-gradient":""}},"footnotes":""},"class_list":["post-2523","page","type-page","status-publish","hentry"],"aioseo_notices":[],"uagb_featured_image_src":{"full":false,"thumbnail":false,"medium":false,"medium_large":false,"large":false,"1536x1536":false,"2048x2048":false,"trp-custom-language-flag":false},"uagb_author_info":{"display_name":"nancy.wangue@gmail.com","author_link":"https:\/\/adesmedia.fr\/en\/author\/nancy-wanguegmail-com\/"},"uagb_comment_info":0,"uagb_excerpt":"Je suis Pam &#8211; Pauline Ad\u00e8s-M\u00e9vel &#8211; journaliste bilingue fran\u00e7ais-anglais, formatrice et enseignante, j&rsquo;ai fond\u00e9 Ad\u00e8s media en 2023. Experte de la production d&rsquo;information sous toutes ses formes, je suis engag\u00e9e de longue date dans la d\u00e9fense de la libert\u00e9 de la presse et des droits des journalistes. En tant qu\u2019ancienne porte-parole et r\u00e9dactrice en&hellip;","_links":{"self":[{"href":"https:\/\/adesmedia.fr\/en\/wp-json\/wp\/v2\/pages\/2523","targetHints":{"allow":["GET"]}}],"collection":[{"href":"https:\/\/adesmedia.fr\/en\/wp-json\/wp\/v2\/pages"}],"about":[{"href":"https:\/\/adesmedia.fr\/en\/wp-json\/wp\/v2\/types\/page"}],"author":[{"embeddable":true,"href":"https:\/\/adesmedia.fr\/en\/wp-json\/wp\/v2\/users\/1"}],"replies":[{"embeddable":true,"href":"https:\/\/adesmedia.fr\/en\/wp-json\/wp\/v2\/comments?post=2523"}],"version-history":[{"count":18,"href":"https:\/\/adesmedia.fr\/en\/wp-json\/wp\/v2\/pages\/2523\/revisions"}],"predecessor-version":[{"id":2742,"href":"https:\/\/adesmedia.fr\/en\/wp-json\/wp\/v2\/pages\/2523\/revisions\/2742"}],"wp:attachment":[{"href":"https:\/\/adesmedia.fr\/en\/wp-json\/wp\/v2\/media?parent=2523"}],"curies":[{"name":"wp","href":"https:\/\/api.w.org\/{rel}","templated":true}]}}