{"id":2436,"date":"2025-08-20T21:37:56","date_gmt":"2025-08-20T21:37:56","guid":{"rendered":"https:\/\/adesmedia.fr\/references\/"},"modified":"2026-02-12T08:00:31","modified_gmt":"2026-02-12T08:00:31","slug":"references","status":"publish","type":"page","link":"https:\/\/adesmedia.fr\/en\/references\/","title":{"rendered":"Credentials"},"content":{"rendered":"<div class=\"wp-block-uagb-advanced-heading uagb-block-fa81c30c\"><h2 class=\"uagb-heading-text\">Credentials<\/h2><\/div>\n\n\n\n<div style=\"height:67px\" aria-hidden=\"true\" class=\"wp-block-spacer\"><\/div>\n\n\n\n<p class=\"has-medium-font-size\" style=\"padding-right:var(--wp--preset--spacing--60);padding-left:var(--wp--preset--spacing--60)\">I am grateful to all the institutions, schools, and organizations that have placed their trust in me.\nThey are listed below in alphabetical order.<\/p>\n\n\n\n<div class=\"wp-block-group is-layout-constrained wp-block-group-is-layout-constrained\">\n<div class=\"wp-block-uagb-container uagb-layout-flex uagb-block-ecdf8b39 default uagb-is-root-container\">\n<div class=\"wp-block-uagb-container uagb-block-7fc95cb8\">\n<p><strong><a href=\"https:\/\/www.academiedesfutursleaders.com\/\" target=\"_blank\" rel=\"noopener\" title=\"\">AFL (Acad\u00e9mie des Futurs Leaders)<\/a><\/strong><\/p>\n\n\n\n<p><strong><a href=\"https:\/\/esj-lille.fr\/formation-continue-professionnelle\/\" target=\"_blank\" rel=\"noopener\" title=\"\">ESJ Lille<\/a><\/strong><\/p>\n\n\n\n<p><a href=\"https:\/\/www.fub.fr\/\" target=\"_blank\" rel=\"noopener\" title=\"\"><strong>F\u00e9d\u00e9ration fran\u00e7aise des Usag\u00e8res et Usagers de la Bicyclette (FUB)&nbsp;<\/strong><\/a><\/p>\n\n\n\n<p><strong><a href=\"https:\/\/www.f93.fr\/fr\/about\/\" target=\"_blank\" rel=\"noopener\" title=\"\">F93<\/a><\/strong><\/p>\n<\/div>\n\n\n\n<div class=\"wp-block-uagb-container uagb-block-e5c2ffd7\">\n<p><a href=\"https:\/\/www.iscpa-ecoles.com\/\" target=\"_blank\" rel=\"noopener\" title=\"\"><strong>ISCPA &#8211; Ecole de communication et journalisme<\/strong><\/a><\/p>\n\n\n\n<p><strong><a href=\"https:\/\/www.isfj.fr\/\" target=\"_blank\" rel=\"noopener\" title=\"\">ISFJ | Institut Sup\u00e9rieur de Formation au Journalisme<\/a><\/strong><\/p>\n\n\n\n<p><a href=\"https:\/\/msj.ukma.edu.ua\/en\/the-mohyla-school-of-journalism\/\" target=\"_blank\" rel=\"noopener\" title=\"\"><strong>Kyiv Mohyla School of Journalism<\/strong><\/a><\/p>\n\n\n\n<p><a href=\"https:\/\/laligue.org\/\" target=\"_blank\" rel=\"noopener\" title=\"\"><strong>La Ligue de l\u2019enseignement<\/strong><\/a><\/p>\n\n\n\n<p class=\"has-ast-global-color-1-color has-text-color has-link-color wp-elements-2727cd76d412c6aed2955af1c2bb40ce\"><strong><a href=\"https:\/\/www.celsa.fr\/\" target=\"_blank\" rel=\"noopener\" title=\"\">Le Celsa<\/a><\/strong><\/p>\n<\/div>\n\n\n\n<div class=\"wp-block-uagb-container uagb-block-0829961a\">\n<p><strong><a href=\"https:\/\/fondsindependancepresse.org\/\" target=\"_blank\" rel=\"noopener\" title=\"\">Le Fonds pour l\u2019ind\u00e9pendance de la presse (groupe Le Monde)<\/a><\/strong><\/p>\n\n\n\n<p><a href=\"https:\/\/lesnouvellesvoixasso.org\/\" title=\"Les Nouvelles Voix\"><strong>Les Nouvelles Voix<\/strong><\/a><\/p>\n\n\n\n<p><strong><a href=\"https:\/\/lpserot.squarespace.com\/\" target=\"_blank\" rel=\"noopener\" title=\"\">LP\/SEROT<\/a><\/strong><\/p>\n\n\n\n<p><a href=\"https:\/\/www.defense.gouv.fr\/sga\/memoire-culture-archives\/memoire\" target=\"_blank\" rel=\"noopener\" title=\"https:\/\/www.defense.gouv.fr\/sga\/memoire-culture-archives\/memoire\"><strong>Minist\u00e8re des Arm\u00e9es et des Anciens combattants<\/strong><\/a><\/p>\n\n\n\n<p><a href=\"https:\/\/www.netcast.ms\/\" target=\"_blank\" rel=\"noopener\" title=\"\"><strong>Netcast Conseil<\/strong><\/a><\/p>\n\n\n\n<p><a href=\"https:\/\/www.oxfamfrance.org\/\" target=\"_blank\" rel=\"noopener\" title=\"\"><strong>Oxfam France<\/strong><\/a><\/p>\n<\/div>\n\n\n\n<div class=\"wp-block-uagb-container uagb-block-47555d0e\">\n<p><a href=\"https:\/\/www.samsa.fr\/\" target=\"_blank\" rel=\"noopener\" title=\"\"><strong>SAMSA<\/strong><\/a><\/p>\n\n\n\n<p><strong><a href=\"https:\/\/www.sciencespo.fr\/ecole-journalisme\/fr\/\" target=\"_blank\" rel=\"noopener\" title=\"\">Sciences Po Ecole de journalisme<\/a><\/strong><\/p>\n\n\n\n<p><strong><a href=\"https:\/\/tous.unicef.fr\/news\/porte-paroles-locaux-2-formations-329?hb=1\" target=\"_blank\" rel=\"noopener\" title=\"\">Unicef France&nbsp;<\/a><\/strong><\/p>\n\n\n\n<p><strong><a href=\"https:\/\/www.univ-paris8.fr\/-Licence-Information-communication-605-\" target=\"_blank\" rel=\"noopener\" title=\"Universit\u00e9 Paris 8&nbsp;\">Universit\u00e9 Paris 8&nbsp;<\/a><\/strong><\/p>\n\n\n\n<p><a href=\"https:\/\/www.vetagro-sup.fr\/\" target=\"_blank\" rel=\"noopener\" title=\"\"><strong>VetAgro Sup<\/strong><\/a><\/p>\n<\/div>\n<\/div>\n<\/div>\n\n\n\n<p><\/p>","protected":false},"excerpt":{"rendered":"<p>R\u00e9f\u00e9rences Merci \u00e0 l\u2019ensemble de ces institutions, \u00e9coles et autres organisations qui m\u2019ont fait confiance depuis la cr\u00e9ation d\u2019Ad\u00e8s media. Elles sont ici list\u00e9es par ordre alphab\u00e9tique : AFL (Acad\u00e9mie des Futurs Leaders) ESJ Lille F\u00e9d\u00e9ration fran\u00e7aise des Usag\u00e8res et Usagers de la Bicyclette (FUB)&nbsp; F93 ISCPA &#8211; Ecole de communication et journalisme ISFJ | [&hellip;]<\/p>","protected":false},"author":1,"featured_media":0,"parent":0,"menu_order":0,"comment_status":"closed","ping_status":"closed","template":"","meta":{"_uag_custom_page_level_css":"","_monsterinsights_skip_tracking":false,"_monsterinsights_sitenote_active":false,"_monsterinsights_sitenote_note":"","_monsterinsights_sitenote_category":0,"site-sidebar-layout":"default","site-content-layout":"","ast-site-content-layout":"default","site-content-style":"default","site-sidebar-style":"default","ast-global-header-display":"","ast-banner-title-visibility":"","ast-main-header-display":"","ast-hfb-above-header-display":"","ast-hfb-below-header-display":"","ast-hfb-mobile-header-display":"","site-post-title":"disabled","ast-breadcrumbs-content":"","ast-featured-img":"","footer-sml-layout":"","ast-disable-related-posts":"","theme-transparent-header-meta":"","adv-header-id-meta":"","stick-header-meta":"","header-above-stick-meta":"","header-main-stick-meta":"","header-below-stick-meta":"","astra-migrate-meta-layouts":"set","ast-page-background-enabled":"default","ast-page-background-meta":{"desktop":{"background-color":"","background-image":"","background-repeat":"repeat","background-position":"center center","background-size":"auto","background-attachment":"scroll","background-type":"","background-media":"","overlay-type":"","overlay-color":"","overlay-opacity":"","overlay-gradient":""},"tablet":{"background-color":"","background-image":"","background-repeat":"repeat","background-position":"center center","background-size":"auto","background-attachment":"scroll","background-type":"","background-media":"","overlay-type":"","overlay-color":"","overlay-opacity":"","overlay-gradient":""},"mobile":{"background-color":"","background-image":"","background-repeat":"repeat","background-position":"center center","background-size":"auto","background-attachment":"scroll","background-type":"","background-media":"","overlay-type":"","overlay-color":"","overlay-opacity":"","overlay-gradient":""}},"ast-content-background-meta":{"desktop":{"background-color":"var(--ast-global-color-5)","background-image":"","background-repeat":"repeat","background-position":"center center","background-size":"auto","background-attachment":"scroll","background-type":"","background-media":"","overlay-type":"","overlay-color":"","overlay-opacity":"","overlay-gradient":""},"tablet":{"background-color":"var(--ast-global-color-5)","background-image":"","background-repeat":"repeat","background-position":"center center","background-size":"auto","background-attachment":"scroll","background-type":"","background-media":"","overlay-type":"","overlay-color":"","overlay-opacity":"","overlay-gradient":""},"mobile":{"background-color":"var(--ast-global-color-5)","background-image":"","background-repeat":"repeat","background-position":"center center","background-size":"auto","background-attachment":"scroll","background-type":"","background-media":"","overlay-type":"","overlay-color":"","overlay-opacity":"","overlay-gradient":""}},"footnotes":""},"class_list":["post-2436","page","type-page","status-publish","hentry"],"aioseo_notices":[],"uagb_featured_image_src":{"full":false,"thumbnail":false,"medium":false,"medium_large":false,"large":false,"1536x1536":false,"2048x2048":false,"trp-custom-language-flag":false},"uagb_author_info":{"display_name":"nancy.wangue@gmail.com","author_link":"https:\/\/adesmedia.fr\/en\/author\/nancy-wanguegmail-com\/"},"uagb_comment_info":0,"uagb_excerpt":"R\u00e9f\u00e9rences Merci \u00e0 l\u2019ensemble de ces institutions, \u00e9coles et autres organisations qui m\u2019ont fait confiance depuis la cr\u00e9ation d\u2019Ad\u00e8s media. Elles sont ici list\u00e9es par ordre alphab\u00e9tique : AFL (Acad\u00e9mie des Futurs Leaders) ESJ Lille F\u00e9d\u00e9ration fran\u00e7aise des Usag\u00e8res et Usagers de la Bicyclette (FUB)&nbsp; F93 ISCPA &#8211; Ecole de communication et journalisme ISFJ |&hellip;","_links":{"self":[{"href":"https:\/\/adesmedia.fr\/en\/wp-json\/wp\/v2\/pages\/2436","targetHints":{"allow":["GET"]}}],"collection":[{"href":"https:\/\/adesmedia.fr\/en\/wp-json\/wp\/v2\/pages"}],"about":[{"href":"https:\/\/adesmedia.fr\/en\/wp-json\/wp\/v2\/types\/page"}],"author":[{"embeddable":true,"href":"https:\/\/adesmedia.fr\/en\/wp-json\/wp\/v2\/users\/1"}],"replies":[{"embeddable":true,"href":"https:\/\/adesmedia.fr\/en\/wp-json\/wp\/v2\/comments?post=2436"}],"version-history":[{"count":14,"href":"https:\/\/adesmedia.fr\/en\/wp-json\/wp\/v2\/pages\/2436\/revisions"}],"predecessor-version":[{"id":2804,"href":"https:\/\/adesmedia.fr\/en\/wp-json\/wp\/v2\/pages\/2436\/revisions\/2804"}],"wp:attachment":[{"href":"https:\/\/adesmedia.fr\/en\/wp-json\/wp\/v2\/media?parent=2436"}],"curies":[{"name":"wp","href":"https:\/\/api.w.org\/{rel}","templated":true}]}}