{"id":2152,"date":"2025-08-15T16:03:32","date_gmt":"2025-08-15T16:03:32","guid":{"rendered":"https:\/\/adesmedia.fr\/?page_id=2152"},"modified":"2025-08-23T18:39:20","modified_gmt":"2025-08-23T18:39:20","slug":"et-aussi","status":"publish","type":"page","link":"https:\/\/adesmedia.fr\/en\/et-aussi\/","title":{"rendered":"Et aussi&#8230;"},"content":{"rendered":"<div class=\"wp-block-cover alignfull has-medium-font-size\" style=\"min-height:301px;aspect-ratio:unset;\"><img loading=\"lazy\" decoding=\"async\" width=\"1024\" height=\"576\" class=\"wp-block-cover__image-background wp-image-2454 size-large\" alt=\"\" src=\"https:\/\/adesmedia.fr\/wp-content\/uploads\/2025\/08\/Landscape-1024x576.jpg\" data-object-fit=\"cover\" srcset=\"https:\/\/adesmedia.fr\/wp-content\/uploads\/2025\/08\/Landscape-1024x576.jpg 1024w, https:\/\/adesmedia.fr\/wp-content\/uploads\/2025\/08\/Landscape-300x169.jpg 300w, https:\/\/adesmedia.fr\/wp-content\/uploads\/2025\/08\/Landscape-768x432.jpg 768w, https:\/\/adesmedia.fr\/wp-content\/uploads\/2025\/08\/Landscape-1536x864.jpg 1536w, https:\/\/adesmedia.fr\/wp-content\/uploads\/2025\/08\/Landscape.jpg 1800w\" sizes=\"auto, (max-width: 1024px) 100vw, 1024px\" \/><span aria-hidden=\"true\" class=\"wp-block-cover__background has-background-dim-0 has-background-dim\"><\/span><div class=\"wp-block-cover__inner-container is-layout-flow wp-block-cover-is-layout-flow\">\n<div class=\"wp-block-uagb-advanced-heading uagb-block-eecf9dc3\"><h1 class=\"uagb-heading-text\">Safety of journalists during the Olympic Games<\/h1><\/div>\n<\/div><\/div>\n\n\n\n<div class=\"wp-block-uagb-separator uagb-block-f67a68eb\"><div class=\"wp-block-uagb-separator__inner\" style=\"--my-background-image:\"><\/div><\/div>\n\n\n\n<div class=\"wp-block-uagb-separator uagb-block-3844b498\"><div class=\"wp-block-uagb-separator__inner\" style=\"--my-background-image:\"><\/div><\/div>\n\n\n\n<div style=\"height:100px\" aria-hidden=\"true\" class=\"wp-block-spacer\"><\/div>\n\n\n\n<p class=\"has-medium-font-size\" style=\"font-style:normal;font-weight:500;line-height:1.5\">One of my top priorities is supporting journalists by providing practical advice on safety and legal frameworks, so they can work at ease in France, especially during major events. <br>During the Paris 2024 Olympic Games, I developed a comprehensive video training module in English, covering risk assessment, navigating interactions with law enforcement.&nbsp;<\/p>\n\n\n\n<div style=\"height:48px\" aria-hidden=\"true\" class=\"wp-block-spacer\"><\/div>\n\n\n\n<figure class=\"wp-block-embed aligncenter is-type-video is-provider-youtube wp-block-embed-youtube wp-embed-aspect-16-9 wp-has-aspect-ratio\" style=\"margin-top:var(--wp--preset--spacing--50);margin-right:0;margin-bottom:var(--wp--preset--spacing--50);margin-left:0\"><div class=\"wp-block-embed__wrapper\">\n<iframe loading=\"lazy\" title=\"Security Tips For Journalists Covering The Olympic Games In Paris (by Pauline Ades-Mevel )\" width=\"500\" height=\"281\" src=\"https:\/\/www.youtube.com\/embed\/xtyDGMmDsos?feature=oembed\" frameborder=\"0\" allow=\"accelerometer; autoplay; clipboard-write; encrypted-media; gyroscope; picture-in-picture; web-share\" referrerpolicy=\"strict-origin-when-cross-origin\" allowfullscreen><\/iframe>\n<\/div><\/figure>\n\n\n\n<div class=\"wp-block-uagb-separator uagb-block-a47276aa\"><div class=\"wp-block-uagb-separator__inner\" style=\"--my-background-image:\"><\/div><\/div>\n\n\n\n<div class=\"wp-block-uagb-separator uagb-block-6d5d4350\"><div class=\"wp-block-uagb-separator__inner\" style=\"--my-background-image:\"><\/div><\/div>\n\n\n\n<p class=\"has-medium-font-size\" style=\"margin-right:0;margin-left:0;padding-right:0;padding-left:0;line-height:1.5\">Building on this work around the Olympics, I am currently designing a new free online training program.<strong> Its goal is to help journalists face the increasing risks of covering election campaigns<\/strong>in France, Italy, Serbia, Poland, and beyond.\n\nCovering an election requires specific skills: understanding threats, distinguishing between local and national dynamics, and adopting best practices such as fact-checking and identifying reliable sources. The program will cover physical safety, cybersecurity, and mental health, while also providing concrete strategies to deal with censorship and internet shutdowns.<\/p>\n\n\n\n<div style=\"height:100px\" aria-hidden=\"true\" class=\"wp-block-spacer\"><\/div>\n\n\n\n<div class=\"wp-block-uagb-separator uagb-block-0e4518ad\"><div class=\"wp-block-uagb-separator__inner\" style=\"--my-background-image:\"><\/div><\/div>\n\n\n\n<div class=\"wp-block-uagb-separator uagb-block-cb02fc7f\"><div class=\"wp-block-uagb-separator__inner\" style=\"--my-background-image:\"><\/div><\/div>\n\n\n\n<div class=\"wp-block-uagb-separator uagb-block-6e4f1303\"><div class=\"wp-block-uagb-separator__inner\" style=\"--my-background-image:\"><\/div><\/div>\n\n\n\n<div class=\"wp-block-uagb-separator uagb-block-f06f4fc2\"><div class=\"wp-block-uagb-separator__inner\" style=\"--my-background-image:\"><\/div><\/div>\n\n\n\n<div class=\"wp-block-uagb-separator uagb-block-af0cd19e\"><div class=\"wp-block-uagb-separator__inner\" style=\"--my-background-image:\"><\/div><\/div>\n\n\n\n<div class=\"wp-block-uagb-separator uagb-block-f0ffd59b\"><div class=\"wp-block-uagb-separator__inner\" style=\"--my-background-image:\"><\/div><\/div>\n\n\n\n<div class=\"wp-block-uagb-separator uagb-block-0e097e09\"><div class=\"wp-block-uagb-separator__inner\" style=\"--my-background-image:\"><\/div><\/div>\n\n\n\n<div class=\"wp-block-cover alignfull wp-duotone-unset-1\" style=\"min-height:248px;aspect-ratio:unset;\"><img loading=\"lazy\" decoding=\"async\" width=\"1024\" height=\"576\" class=\"wp-block-cover__image-background wp-image-2455 size-large\" alt=\"\" src=\"https:\/\/adesmedia.fr\/wp-content\/uploads\/2025\/08\/Landscape-1-1024x576.jpg\" data-object-fit=\"cover\" srcset=\"https:\/\/adesmedia.fr\/wp-content\/uploads\/2025\/08\/Landscape-1-1024x576.jpg 1024w, https:\/\/adesmedia.fr\/wp-content\/uploads\/2025\/08\/Landscape-1-300x169.jpg 300w, https:\/\/adesmedia.fr\/wp-content\/uploads\/2025\/08\/Landscape-1-768x432.jpg 768w, https:\/\/adesmedia.fr\/wp-content\/uploads\/2025\/08\/Landscape-1-1536x864.jpg 1536w, https:\/\/adesmedia.fr\/wp-content\/uploads\/2025\/08\/Landscape-1.jpg 1800w\" sizes=\"auto, (max-width: 1024px) 100vw, 1024px\" \/><span aria-hidden=\"true\" class=\"wp-block-cover__background has-background-dim\" style=\"background-color:#0374be\"><\/span><div class=\"wp-block-cover__inner-container is-layout-flow wp-block-cover-is-layout-flow\">\n<div class=\"wp-block-uagb-advanced-heading uagb-block-46c1f1cd\"><h1 class=\"uagb-heading-text\">Media in the Balkans<\/h1><\/div>\n<\/div><\/div>\n\n\n\n<div style=\"height:44px\" aria-hidden=\"true\" class=\"wp-block-spacer\"><\/div>\n\n\n\n<p><\/p>\n\n\n\n<p style=\"font-size:22px;line-height:1.5\">Developing targeted training programs for journalists in the Western Balkans, especially in EU candidate countries, is a strategic priority. The aim is to ensure a free and secure media environment aligned with European standards of press freedom and the rule of law.\nMy goal is to provide specialized training in physical and digital safety, protection against online harassment, and reporting on law enforcement operations, tailored to the needs of these journalists.<\/p>\n\n\n\n<div style=\"height:100px\" aria-hidden=\"true\" class=\"wp-block-spacer\"><\/div>\n\n\n\n<div class=\"wp-block-uagb-separator uagb-block-055ff6f3\"><div class=\"wp-block-uagb-separator__inner\" style=\"--my-background-image:\"><\/div><\/div>\n\n\n\n<div class=\"wp-block-cover alignfull wp-duotone-unset-2\" style=\"min-height:271px;aspect-ratio:unset;\"><img loading=\"lazy\" decoding=\"async\" width=\"1024\" height=\"576\" class=\"wp-block-cover__image-background wp-image-2455 size-large\" alt=\"\" src=\"https:\/\/adesmedia.fr\/wp-content\/uploads\/2025\/08\/Landscape-1-1024x576.jpg\" data-object-fit=\"cover\" srcset=\"https:\/\/adesmedia.fr\/wp-content\/uploads\/2025\/08\/Landscape-1-1024x576.jpg 1024w, https:\/\/adesmedia.fr\/wp-content\/uploads\/2025\/08\/Landscape-1-300x169.jpg 300w, https:\/\/adesmedia.fr\/wp-content\/uploads\/2025\/08\/Landscape-1-768x432.jpg 768w, https:\/\/adesmedia.fr\/wp-content\/uploads\/2025\/08\/Landscape-1-1536x864.jpg 1536w, https:\/\/adesmedia.fr\/wp-content\/uploads\/2025\/08\/Landscape-1.jpg 1800w\" sizes=\"auto, (max-width: 1024px) 100vw, 1024px\" \/><span aria-hidden=\"true\" class=\"wp-block-cover__background has-background-dim-0 has-background-dim\"><\/span><div class=\"wp-block-cover__inner-container is-layout-flow wp-block-cover-is-layout-flow\">\n<div class=\"wp-block-uagb-advanced-heading uagb-block-898b61a3\"><h1 class=\"uagb-heading-text\">Law enforcement and protection of journalists in Europe<\/h1><\/div>\n<\/div><\/div>\n\n\n\n<div style=\"height:78px\" aria-hidden=\"true\" class=\"wp-block-spacer\"><\/div>\n\n\n\n<p style=\"font-size:22px;line-height:1.5\">This training project focuses on analyzing the role of law enforcement in protecting journalists. It examines regulatory frameworks, strategies, and best practices\u2014particularly those recommended by the Council of Europe.<\/p>\n\n\n\n<p style=\"font-size:22px;line-height:1.5\">The objective is to identify effective mechanisms and highlight their weaknesses. Based on this analysis, the project will propose concrete recommendations to strengthen public policies, inspired by the most realistic and successful approaches implemented across Europe.<\/p>\n\n\n\n<p><\/p>","protected":false},"excerpt":{"rendered":"<p>L&rsquo;une de mes priorit\u00e9s est d&rsquo;accompagner les journalistes en leur fournissant des conseils pratiques sur la s\u00e9curit\u00e9 et le cadre juridique, afin qu&rsquo;ils puissent exercer leur m\u00e9tier en toute s\u00e9r\u00e9nit\u00e9 en France, notamment lors des \u00e9v\u00e9nements de premier plan. A cet effet, j&rsquo;ai cr\u00e9\u00e9 lors des Jeux Olympiques de Paris 2024 un module vid\u00e9o complet [&hellip;]<\/p>","protected":false},"author":1,"featured_media":0,"parent":0,"menu_order":0,"comment_status":"closed","ping_status":"closed","template":"","meta":{"_uag_custom_page_level_css":"","_monsterinsights_skip_tracking":false,"_monsterinsights_sitenote_active":false,"_monsterinsights_sitenote_note":"","_monsterinsights_sitenote_category":0,"site-sidebar-layout":"default","site-content-layout":"","ast-site-content-layout":"default","site-content-style":"default","site-sidebar-style":"default","ast-global-header-display":"","ast-banner-title-visibility":"","ast-main-header-display":"","ast-hfb-above-header-display":"","ast-hfb-below-header-display":"","ast-hfb-mobile-header-display":"","site-post-title":"disabled","ast-breadcrumbs-content":"","ast-featured-img":"","footer-sml-layout":"","ast-disable-related-posts":"","theme-transparent-header-meta":"","adv-header-id-meta":"","stick-header-meta":"","header-above-stick-meta":"","header-main-stick-meta":"","header-below-stick-meta":"","astra-migrate-meta-layouts":"set","ast-page-background-enabled":"default","ast-page-background-meta":{"desktop":{"background-color":"","background-image":"","background-repeat":"repeat","background-position":"center center","background-size":"auto","background-attachment":"scroll","background-type":"","background-media":"","overlay-type":"","overlay-color":"","overlay-opacity":"","overlay-gradient":""},"tablet":{"background-color":"","background-image":"","background-repeat":"repeat","background-position":"center center","background-size":"auto","background-attachment":"scroll","background-type":"","background-media":"","overlay-type":"","overlay-color":"","overlay-opacity":"","overlay-gradient":""},"mobile":{"background-color":"","background-image":"","background-repeat":"repeat","background-position":"center center","background-size":"auto","background-attachment":"scroll","background-type":"","background-media":"","overlay-type":"","overlay-color":"","overlay-opacity":"","overlay-gradient":""}},"ast-content-background-meta":{"desktop":{"background-color":"var(--ast-global-color-5)","background-image":"","background-repeat":"repeat","background-position":"center center","background-size":"auto","background-attachment":"scroll","background-type":"","background-media":"","overlay-type":"","overlay-color":"","overlay-opacity":"","overlay-gradient":""},"tablet":{"background-color":"var(--ast-global-color-5)","background-image":"","background-repeat":"repeat","background-position":"center center","background-size":"auto","background-attachment":"scroll","background-type":"","background-media":"","overlay-type":"","overlay-color":"","overlay-opacity":"","overlay-gradient":""},"mobile":{"background-color":"var(--ast-global-color-5)","background-image":"","background-repeat":"repeat","background-position":"center center","background-size":"auto","background-attachment":"scroll","background-type":"","background-media":"","overlay-type":"","overlay-color":"","overlay-opacity":"","overlay-gradient":""}},"footnotes":""},"class_list":["post-2152","page","type-page","status-publish","hentry"],"aioseo_notices":[],"uagb_featured_image_src":{"full":false,"thumbnail":false,"medium":false,"medium_large":false,"large":false,"1536x1536":false,"2048x2048":false,"trp-custom-language-flag":false},"uagb_author_info":{"display_name":"nancy.wangue@gmail.com","author_link":"https:\/\/adesmedia.fr\/en\/author\/nancy-wanguegmail-com\/"},"uagb_comment_info":0,"uagb_excerpt":"L&rsquo;une de mes priorit\u00e9s est d&rsquo;accompagner les journalistes en leur fournissant des conseils pratiques sur la s\u00e9curit\u00e9 et le cadre juridique, afin qu&rsquo;ils puissent exercer leur m\u00e9tier en toute s\u00e9r\u00e9nit\u00e9 en France, notamment lors des \u00e9v\u00e9nements de premier plan. A cet effet, j&rsquo;ai cr\u00e9\u00e9 lors des Jeux Olympiques de Paris 2024 un module vid\u00e9o complet&hellip;","_links":{"self":[{"href":"https:\/\/adesmedia.fr\/en\/wp-json\/wp\/v2\/pages\/2152","targetHints":{"allow":["GET"]}}],"collection":[{"href":"https:\/\/adesmedia.fr\/en\/wp-json\/wp\/v2\/pages"}],"about":[{"href":"https:\/\/adesmedia.fr\/en\/wp-json\/wp\/v2\/types\/page"}],"author":[{"embeddable":true,"href":"https:\/\/adesmedia.fr\/en\/wp-json\/wp\/v2\/users\/1"}],"replies":[{"embeddable":true,"href":"https:\/\/adesmedia.fr\/en\/wp-json\/wp\/v2\/comments?post=2152"}],"version-history":[{"count":19,"href":"https:\/\/adesmedia.fr\/en\/wp-json\/wp\/v2\/pages\/2152\/revisions"}],"predecessor-version":[{"id":2711,"href":"https:\/\/adesmedia.fr\/en\/wp-json\/wp\/v2\/pages\/2152\/revisions\/2711"}],"wp:attachment":[{"href":"https:\/\/adesmedia.fr\/en\/wp-json\/wp\/v2\/media?parent=2152"}],"curies":[{"name":"wp","href":"https:\/\/api.w.org\/{rel}","templated":true}]}}