{"id":2075,"date":"2025-07-19T19:19:59","date_gmt":"2025-07-19T19:19:59","guid":{"rendered":"https:\/\/adesmedia.fr\/?page_id=2075"},"modified":"2025-08-23T14:12:28","modified_gmt":"2025-08-23T14:12:28","slug":"intervenir-a-linternational","status":"publish","type":"page","link":"https:\/\/adesmedia.fr\/en\/intervenir-a-linternational\/","title":{"rendered":"International Engagement &amp; Advocacy"},"content":{"rendered":"<div class=\"wp-block-cover alignfull has-medium-font-size wp-duotone-unset-1\" style=\"min-height:185px;aspect-ratio:unset;\"><img loading=\"lazy\" decoding=\"async\" width=\"1024\" height=\"576\" class=\"wp-block-cover__image-background wp-image-2454 size-large\" alt=\"\" src=\"https:\/\/adesmedia.fr\/wp-content\/uploads\/2025\/08\/Landscape-1024x576.jpg\" data-object-fit=\"cover\" srcset=\"https:\/\/adesmedia.fr\/wp-content\/uploads\/2025\/08\/Landscape-1024x576.jpg 1024w, https:\/\/adesmedia.fr\/wp-content\/uploads\/2025\/08\/Landscape-300x169.jpg 300w, https:\/\/adesmedia.fr\/wp-content\/uploads\/2025\/08\/Landscape-768x432.jpg 768w, https:\/\/adesmedia.fr\/wp-content\/uploads\/2025\/08\/Landscape-1536x864.jpg 1536w, https:\/\/adesmedia.fr\/wp-content\/uploads\/2025\/08\/Landscape.jpg 1800w\" sizes=\"auto, (max-width: 1024px) 100vw, 1024px\" \/><span aria-hidden=\"true\" class=\"wp-block-cover__background has-background-dim\" style=\"background-color:#0374be\"><\/span><div class=\"wp-block-cover__inner-container is-layout-flow wp-block-cover-is-layout-flow\">\n<div class=\"wp-block-uagb-advanced-heading uagb-block-516fce63\"><h1 class=\"uagb-heading-text\">International Engagement &amp; Advocacy<\/h1><\/div>\n<\/div><\/div>\n\n\n\n<div style=\"height:96px\" aria-hidden=\"true\" class=\"wp-block-spacer\"><\/div>\n\n\n\n<p style=\"font-size:22px;line-height:1.5\">Because today\u2019s challenges around information and media transformation are global, Ad\u00e8s media brings its expertise to a wide range of international projects.<\/p>\n\n\n\n<div style=\"height:64px\" aria-hidden=\"true\" class=\"wp-block-spacer\"><\/div>\n\n\n\n<p class=\"has-large-font-size\"><strong>Sciences Po and Kyiv-Mohyla Academy <\/strong><\/p>\n\n\n\n<p style=\"font-size:22px;line-height:1.5\">As part of the international cooperation between <a href=\"https:\/\/www.sciencespo.fr\/fr\/actualites\/ukraine-un-an-dengagement-et-dactions-de-sciences-po\" target=\"_blank\" rel=\"noopener nofollow\" title=\"\"><strong>Sciences Po<\/strong><\/a> and <strong>Kyiv-Mohyla Academy (NaUKMA)<\/strong> in Ukraine, I delivered an English-language course on newsroom management. This course was selected by Sciences Po\u2019s international school as one of 18 courses offered remotely, on a voluntary basis, to Ukrainian journalism students in Spring 2024.<\/p>\n\n\n\n<div style=\"height:64px\" aria-hidden=\"true\" class=\"wp-block-spacer\"><\/div>\n\n\n\n<figure class=\"wp-block-gallery has-nested-images columns-default is-cropped wp-block-gallery-2 is-layout-flex wp-block-gallery-is-layout-flex\">\n<figure class=\"wp-block-image alignfull size-large\"><img loading=\"lazy\" decoding=\"async\" width=\"1024\" height=\"620\" data-id=\"2124\" src=\"https:\/\/adesmedia.fr\/wp-content\/uploads\/2025\/08\/MG_8674-1612x976-1-1024x620.jpg\" alt=\"\u00a9 Mohyla School of Journalism\" class=\"wp-image-2124\" srcset=\"https:\/\/adesmedia.fr\/wp-content\/uploads\/2025\/08\/MG_8674-1612x976-1-1024x620.jpg 1024w, https:\/\/adesmedia.fr\/wp-content\/uploads\/2025\/08\/MG_8674-1612x976-1-300x182.jpg 300w, https:\/\/adesmedia.fr\/wp-content\/uploads\/2025\/08\/MG_8674-1612x976-1-768x465.jpg 768w, https:\/\/adesmedia.fr\/wp-content\/uploads\/2025\/08\/MG_8674-1612x976-1-1536x930.jpg 1536w, https:\/\/adesmedia.fr\/wp-content\/uploads\/2025\/08\/MG_8674-1612x976-1.jpg 1612w\" sizes=\"auto, (max-width: 1024px) 100vw, 1024px\" \/><\/figure>\n<\/figure>\n\n\n\n<p class=\"has-small-font-size\">\u00a9 Mohyla School of Journalism<\/p>\n\n\n\n<div style=\"height:100px\" aria-hidden=\"true\" class=\"wp-block-spacer\"><\/div>\n\n\n\n<p class=\"has-large-font-size\"><strong>Council of Europe&nbsp;<\/strong><\/p>\n\n\n\n<p style=\"font-size:22px;line-height:1.5\">In 2024, I presented journalist safety training programs as part of the Council of Europe\u2019s \u2018Journalists Matter\u2019 campaign. The initiative aimed to inspire member states to develop and adapt resources and training dedicated to journalist education and protection. The goal was to share practical examples and transferable tools to strengthen media professionals safety across Europe.<\/p>\n\n\n\n<div style=\"height:64px\" aria-hidden=\"true\" class=\"wp-block-spacer\"><\/div>\n\n\n\n<figure class=\"wp-block-gallery has-nested-images columns-default is-cropped wp-block-gallery-3 is-layout-flex wp-block-gallery-is-layout-flex\">\n<figure class=\"wp-block-image size-large\"><img loading=\"lazy\" decoding=\"async\" width=\"1024\" height=\"547\" data-id=\"2574\" src=\"https:\/\/adesmedia.fr\/wp-content\/uploads\/2025\/08\/COE-picture-1-copie-1024x547.webp\" alt=\"\" class=\"wp-image-2574\" srcset=\"https:\/\/adesmedia.fr\/wp-content\/uploads\/2025\/08\/COE-picture-1-copie-1024x547.webp 1024w, https:\/\/adesmedia.fr\/wp-content\/uploads\/2025\/08\/COE-picture-1-copie-300x160.webp 300w, https:\/\/adesmedia.fr\/wp-content\/uploads\/2025\/08\/COE-picture-1-copie-768x410.webp 768w, https:\/\/adesmedia.fr\/wp-content\/uploads\/2025\/08\/COE-picture-1-copie-1536x821.webp 1536w, https:\/\/adesmedia.fr\/wp-content\/uploads\/2025\/08\/COE-picture-1-copie-2048x1094.webp 2048w\" sizes=\"auto, (max-width: 1024px) 100vw, 1024px\" \/><\/figure>\n<\/figure>","protected":false},"excerpt":{"rendered":"<p>Parce que les d\u00e9fis li\u00e9s \u00e0 l\u2019information et \u00e0 ses transformations ont une port\u00e9e globale, Ad\u00e8s media mobilise son expertise au service de&nbsp; diff\u00e9rents projets internationaux. Sciences Po x Universit\u00e9 de Kyiv-Mohyla Academy Dans le cadre de la coop\u00e9ration internationale entre Sciences Po et l\u2019Universit\u00e9 de Kyiv-Mohyla Academy (NaUKMA) en Ukraine, cours en anglais sur [&hellip;]<\/p>","protected":false},"author":1,"featured_media":0,"parent":0,"menu_order":0,"comment_status":"closed","ping_status":"closed","template":"","meta":{"_uag_custom_page_level_css":"","_monsterinsights_skip_tracking":false,"_monsterinsights_sitenote_active":false,"_monsterinsights_sitenote_note":"","_monsterinsights_sitenote_category":0,"site-sidebar-layout":"default","site-content-layout":"","ast-site-content-layout":"default","site-content-style":"default","site-sidebar-style":"default","ast-global-header-display":"","ast-banner-title-visibility":"","ast-main-header-display":"","ast-hfb-above-header-display":"","ast-hfb-below-header-display":"","ast-hfb-mobile-header-display":"","site-post-title":"disabled","ast-breadcrumbs-content":"","ast-featured-img":"","footer-sml-layout":"","ast-disable-related-posts":"","theme-transparent-header-meta":"","adv-header-id-meta":"","stick-header-meta":"","header-above-stick-meta":"","header-main-stick-meta":"","header-below-stick-meta":"","astra-migrate-meta-layouts":"set","ast-page-background-enabled":"default","ast-page-background-meta":{"desktop":{"background-color":"","background-image":"","background-repeat":"repeat","background-position":"center center","background-size":"auto","background-attachment":"scroll","background-type":"","background-media":"","overlay-type":"","overlay-color":"","overlay-opacity":"","overlay-gradient":""},"tablet":{"background-color":"","background-image":"","background-repeat":"repeat","background-position":"center center","background-size":"auto","background-attachment":"scroll","background-type":"","background-media":"","overlay-type":"","overlay-color":"","overlay-opacity":"","overlay-gradient":""},"mobile":{"background-color":"","background-image":"","background-repeat":"repeat","background-position":"center center","background-size":"auto","background-attachment":"scroll","background-type":"","background-media":"","overlay-type":"","overlay-color":"","overlay-opacity":"","overlay-gradient":""}},"ast-content-background-meta":{"desktop":{"background-color":"var(--ast-global-color-5)","background-image":"","background-repeat":"repeat","background-position":"center center","background-size":"auto","background-attachment":"scroll","background-type":"","background-media":"","overlay-type":"","overlay-color":"","overlay-opacity":"","overlay-gradient":""},"tablet":{"background-color":"var(--ast-global-color-5)","background-image":"","background-repeat":"repeat","background-position":"center center","background-size":"auto","background-attachment":"scroll","background-type":"","background-media":"","overlay-type":"","overlay-color":"","overlay-opacity":"","overlay-gradient":""},"mobile":{"background-color":"var(--ast-global-color-5)","background-image":"","background-repeat":"repeat","background-position":"center center","background-size":"auto","background-attachment":"scroll","background-type":"","background-media":"","overlay-type":"","overlay-color":"","overlay-opacity":"","overlay-gradient":""}},"footnotes":""},"class_list":["post-2075","page","type-page","status-publish","hentry"],"aioseo_notices":[],"uagb_featured_image_src":{"full":false,"thumbnail":false,"medium":false,"medium_large":false,"large":false,"1536x1536":false,"2048x2048":false,"trp-custom-language-flag":false},"uagb_author_info":{"display_name":"nancy.wangue@gmail.com","author_link":"https:\/\/adesmedia.fr\/en\/author\/nancy-wanguegmail-com\/"},"uagb_comment_info":0,"uagb_excerpt":"Parce que les d\u00e9fis li\u00e9s \u00e0 l\u2019information et \u00e0 ses transformations ont une port\u00e9e globale, Ad\u00e8s media mobilise son expertise au service de&nbsp; diff\u00e9rents projets internationaux. Sciences Po x Universit\u00e9 de Kyiv-Mohyla Academy Dans le cadre de la coop\u00e9ration internationale entre Sciences Po et l\u2019Universit\u00e9 de Kyiv-Mohyla Academy (NaUKMA) en Ukraine, cours en anglais sur&hellip;","_links":{"self":[{"href":"https:\/\/adesmedia.fr\/en\/wp-json\/wp\/v2\/pages\/2075","targetHints":{"allow":["GET"]}}],"collection":[{"href":"https:\/\/adesmedia.fr\/en\/wp-json\/wp\/v2\/pages"}],"about":[{"href":"https:\/\/adesmedia.fr\/en\/wp-json\/wp\/v2\/types\/page"}],"author":[{"embeddable":true,"href":"https:\/\/adesmedia.fr\/en\/wp-json\/wp\/v2\/users\/1"}],"replies":[{"embeddable":true,"href":"https:\/\/adesmedia.fr\/en\/wp-json\/wp\/v2\/comments?post=2075"}],"version-history":[{"count":18,"href":"https:\/\/adesmedia.fr\/en\/wp-json\/wp\/v2\/pages\/2075\/revisions"}],"predecessor-version":[{"id":2678,"href":"https:\/\/adesmedia.fr\/en\/wp-json\/wp\/v2\/pages\/2075\/revisions\/2678"}],"wp:attachment":[{"href":"https:\/\/adesmedia.fr\/en\/wp-json\/wp\/v2\/media?parent=2075"}],"curies":[{"name":"wp","href":"https:\/\/api.w.org\/{rel}","templated":true}]}}