{"id":2074,"date":"2025-07-19T19:19:59","date_gmt":"2025-07-19T19:19:59","guid":{"rendered":"https:\/\/adesmedia.fr\/?page_id=2074"},"modified":"2025-08-23T14:17:11","modified_gmt":"2025-08-23T14:17:11","slug":"preparer","status":"publish","type":"page","link":"https:\/\/adesmedia.fr\/en\/preparer\/","title":{"rendered":"Preparing"},"content":{"rendered":"<div class=\"wp-block-cover alignfull wp-duotone-unset-1\" style=\"min-height:128px;aspect-ratio:unset;\"><img loading=\"lazy\" decoding=\"async\" width=\"1024\" height=\"576\" class=\"wp-block-cover__image-background wp-image-2454 size-large\" alt=\"\" src=\"https:\/\/adesmedia.fr\/wp-content\/uploads\/2025\/08\/Landscape-1024x576.jpg\" data-object-fit=\"cover\" srcset=\"https:\/\/adesmedia.fr\/wp-content\/uploads\/2025\/08\/Landscape-1024x576.jpg 1024w, https:\/\/adesmedia.fr\/wp-content\/uploads\/2025\/08\/Landscape-300x169.jpg 300w, https:\/\/adesmedia.fr\/wp-content\/uploads\/2025\/08\/Landscape-768x432.jpg 768w, https:\/\/adesmedia.fr\/wp-content\/uploads\/2025\/08\/Landscape-1536x864.jpg 1536w, https:\/\/adesmedia.fr\/wp-content\/uploads\/2025\/08\/Landscape.jpg 1800w\" sizes=\"auto, (max-width: 1024px) 100vw, 1024px\" \/><span aria-hidden=\"true\" class=\"wp-block-cover__background has-background-dim\" style=\"background-color:#0374be\"><\/span><div class=\"wp-block-cover__inner-container is-layout-flow wp-block-cover-is-layout-flow\">\n<div class=\"wp-block-uagb-advanced-heading uagb-block-07049e7b\"><h1 class=\"uagb-heading-text\">Preparing<\/h1><\/div>\n<\/div><\/div>\n\n\n\n<div style=\"height:73px\" aria-hidden=\"true\" class=\"wp-block-spacer\"><\/div>\n\n\n\n<p style=\"font-size:22px;line-height:1.5\">I design  media training sessions within institutions and organizations for their teams, their partners, and their volunteers;  I support spokespersons during the release of reports or major initiatives; and help to amplify key messages to the general public.<\/p>\n\n\n\n<p class=\"has-medium-font-size\"><strong>This work has included collaborations with UNICEF France, Oxfam France, the French Federation of Bicycle Users, and the Academy of Future Leaders.<\/strong><\/p>\n\n\n\n<div style=\"height:70px\" aria-hidden=\"true\" class=\"wp-block-spacer\"><\/div>\n\n\n\n<figure class=\"wp-block-image alignfull size-large has-custom-border is-style-rounded\"><img loading=\"lazy\" decoding=\"async\" width=\"1024\" height=\"587\" src=\"https:\/\/adesmedia.fr\/wp-content\/uploads\/2025\/08\/AFL-4-1024x587.jpg\" alt=\"\" class=\"wp-image-2361\" style=\"border-radius:50px\" srcset=\"https:\/\/adesmedia.fr\/wp-content\/uploads\/2025\/08\/AFL-4-1024x587.jpg 1024w, https:\/\/adesmedia.fr\/wp-content\/uploads\/2025\/08\/AFL-4-300x172.jpg 300w, https:\/\/adesmedia.fr\/wp-content\/uploads\/2025\/08\/AFL-4-768x440.jpg 768w, https:\/\/adesmedia.fr\/wp-content\/uploads\/2025\/08\/AFL-4-1536x880.jpg 1536w, https:\/\/adesmedia.fr\/wp-content\/uploads\/2025\/08\/AFL-4-2048x1174.jpg 2048w\" sizes=\"auto, (max-width: 1024px) 100vw, 1024px\" \/><\/figure>\n\n\n\n<div style=\"height:100px\" aria-hidden=\"true\" class=\"wp-block-spacer\"><\/div>","protected":false},"excerpt":{"rendered":"<p>Concevoir et animer des sessions de media training&nbsp; au sein d&rsquo;institutions et organisations \u00e0 destination des \u00e9quipes, de leurs partenaires et des b\u00e9n\u00e9voles, accompagner des porte-paroles \u00e0 l\u2019occasion de la sortie de rapports ou d\u2019actions phares, soutenir les messages aupr\u00e8s du grand public. Unicef France, Oxfam France, F\u00e9d\u00e9ration des usagers de la bicyclette, Acad\u00e9mie des [&hellip;]<\/p>","protected":false},"author":1,"featured_media":2241,"parent":0,"menu_order":0,"comment_status":"closed","ping_status":"closed","template":"","meta":{"_uag_custom_page_level_css":"","_monsterinsights_skip_tracking":false,"_monsterinsights_sitenote_active":false,"_monsterinsights_sitenote_note":"","_monsterinsights_sitenote_category":0,"site-sidebar-layout":"default","site-content-layout":"","ast-site-content-layout":"default","site-content-style":"default","site-sidebar-style":"default","ast-global-header-display":"","ast-banner-title-visibility":"","ast-main-header-display":"","ast-hfb-above-header-display":"","ast-hfb-below-header-display":"","ast-hfb-mobile-header-display":"","site-post-title":"disabled","ast-breadcrumbs-content":"","ast-featured-img":"","footer-sml-layout":"","ast-disable-related-posts":"","theme-transparent-header-meta":"","adv-header-id-meta":"","stick-header-meta":"","header-above-stick-meta":"","header-main-stick-meta":"","header-below-stick-meta":"","astra-migrate-meta-layouts":"set","ast-page-background-enabled":"default","ast-page-background-meta":{"desktop":{"background-color":"","background-image":"","background-repeat":"repeat","background-position":"center center","background-size":"auto","background-attachment":"scroll","background-type":"","background-media":"","overlay-type":"","overlay-color":"","overlay-opacity":"","overlay-gradient":""},"tablet":{"background-color":"","background-image":"","background-repeat":"repeat","background-position":"center center","background-size":"auto","background-attachment":"scroll","background-type":"","background-media":"","overlay-type":"","overlay-color":"","overlay-opacity":"","overlay-gradient":""},"mobile":{"background-color":"","background-image":"","background-repeat":"repeat","background-position":"center center","background-size":"auto","background-attachment":"scroll","background-type":"","background-media":"","overlay-type":"","overlay-color":"","overlay-opacity":"","overlay-gradient":""}},"ast-content-background-meta":{"desktop":{"background-color":"var(--ast-global-color-5)","background-image":"","background-repeat":"repeat","background-position":"center center","background-size":"auto","background-attachment":"scroll","background-type":"","background-media":"","overlay-type":"","overlay-color":"","overlay-opacity":"","overlay-gradient":""},"tablet":{"background-color":"var(--ast-global-color-5)","background-image":"","background-repeat":"repeat","background-position":"center center","background-size":"auto","background-attachment":"scroll","background-type":"","background-media":"","overlay-type":"","overlay-color":"","overlay-opacity":"","overlay-gradient":""},"mobile":{"background-color":"var(--ast-global-color-5)","background-image":"","background-repeat":"repeat","background-position":"center center","background-size":"auto","background-attachment":"scroll","background-type":"","background-media":"","overlay-type":"","overlay-color":"","overlay-opacity":"","overlay-gradient":""}},"footnotes":""},"class_list":["post-2074","page","type-page","status-publish","has-post-thumbnail","hentry"],"aioseo_notices":[],"uagb_featured_image_src":{"full":["https:\/\/adesmedia.fr\/wp-content\/uploads\/2025\/08\/AFL-3-scaled.jpg",2560,1755,false],"thumbnail":["https:\/\/adesmedia.fr\/wp-content\/uploads\/2025\/08\/AFL-3-150x150.jpg",150,150,true],"medium":["https:\/\/adesmedia.fr\/wp-content\/uploads\/2025\/08\/AFL-3-300x206.jpg",300,206,true],"medium_large":["https:\/\/adesmedia.fr\/wp-content\/uploads\/2025\/08\/AFL-3-768x526.jpg",768,526,true],"large":["https:\/\/adesmedia.fr\/wp-content\/uploads\/2025\/08\/AFL-3-1024x702.jpg",1024,702,true],"1536x1536":["https:\/\/adesmedia.fr\/wp-content\/uploads\/2025\/08\/AFL-3-1536x1053.jpg",1536,1053,true],"2048x2048":["https:\/\/adesmedia.fr\/wp-content\/uploads\/2025\/08\/AFL-3-2048x1404.jpg",2048,1404,true],"trp-custom-language-flag":["https:\/\/adesmedia.fr\/wp-content\/uploads\/2025\/08\/AFL-3-scaled.jpg",18,12,false]},"uagb_author_info":{"display_name":"nancy.wangue@gmail.com","author_link":"https:\/\/adesmedia.fr\/en\/author\/nancy-wanguegmail-com\/"},"uagb_comment_info":0,"uagb_excerpt":"Concevoir et animer des sessions de media training&nbsp; au sein d&rsquo;institutions et organisations \u00e0 destination des \u00e9quipes, de leurs partenaires et des b\u00e9n\u00e9voles, accompagner des porte-paroles \u00e0 l\u2019occasion de la sortie de rapports ou d\u2019actions phares, soutenir les messages aupr\u00e8s du grand public. Unicef France, Oxfam France, F\u00e9d\u00e9ration des usagers de la bicyclette, Acad\u00e9mie des&hellip;","_links":{"self":[{"href":"https:\/\/adesmedia.fr\/en\/wp-json\/wp\/v2\/pages\/2074","targetHints":{"allow":["GET"]}}],"collection":[{"href":"https:\/\/adesmedia.fr\/en\/wp-json\/wp\/v2\/pages"}],"about":[{"href":"https:\/\/adesmedia.fr\/en\/wp-json\/wp\/v2\/types\/page"}],"author":[{"embeddable":true,"href":"https:\/\/adesmedia.fr\/en\/wp-json\/wp\/v2\/users\/1"}],"replies":[{"embeddable":true,"href":"https:\/\/adesmedia.fr\/en\/wp-json\/wp\/v2\/comments?post=2074"}],"version-history":[{"count":11,"href":"https:\/\/adesmedia.fr\/en\/wp-json\/wp\/v2\/pages\/2074\/revisions"}],"predecessor-version":[{"id":2680,"href":"https:\/\/adesmedia.fr\/en\/wp-json\/wp\/v2\/pages\/2074\/revisions\/2680"}],"wp:featuredmedia":[{"embeddable":true,"href":"https:\/\/adesmedia.fr\/en\/wp-json\/wp\/v2\/media\/2241"}],"wp:attachment":[{"href":"https:\/\/adesmedia.fr\/en\/wp-json\/wp\/v2\/media?parent=2074"}],"curies":[{"name":"wp","href":"https:\/\/api.w.org\/{rel}","templated":true}]}}