{"id":2073,"date":"2025-07-19T19:19:59","date_gmt":"2025-07-19T19:19:59","guid":{"rendered":"https:\/\/adesmedia.fr\/?page_id=2073"},"modified":"2026-01-19T07:48:08","modified_gmt":"2026-01-19T07:48:08","slug":"animer","status":"publish","type":"page","link":"https:\/\/adesmedia.fr\/en\/animer\/","title":{"rendered":"Moderating &amp; Leading Discussions"},"content":{"rendered":"<div style=\"height:53px\" aria-hidden=\"true\" class=\"wp-block-spacer\"><\/div>\n\n\n\n<div class=\"wp-block-cover alignfull has-custom-content-position is-position-center-left wp-duotone-unset-1\" style=\"min-height:121px;aspect-ratio:unset;\"><img loading=\"lazy\" decoding=\"async\" width=\"1024\" height=\"576\" class=\"wp-block-cover__image-background wp-image-2454 size-large\" alt=\"\" src=\"https:\/\/adesmedia.fr\/wp-content\/uploads\/2025\/08\/Landscape-1024x576.jpg\" data-object-fit=\"cover\" srcset=\"https:\/\/adesmedia.fr\/wp-content\/uploads\/2025\/08\/Landscape-1024x576.jpg 1024w, https:\/\/adesmedia.fr\/wp-content\/uploads\/2025\/08\/Landscape-300x169.jpg 300w, https:\/\/adesmedia.fr\/wp-content\/uploads\/2025\/08\/Landscape-768x432.jpg 768w, https:\/\/adesmedia.fr\/wp-content\/uploads\/2025\/08\/Landscape-1536x864.jpg 1536w, https:\/\/adesmedia.fr\/wp-content\/uploads\/2025\/08\/Landscape.jpg 1800w\" sizes=\"auto, (max-width: 1024px) 100vw, 1024px\" \/><span aria-hidden=\"true\" class=\"wp-block-cover__background has-background-dim-40 has-background-dim\" style=\"background-color:#0374be\"><\/span><div class=\"wp-block-cover__inner-container is-layout-flow wp-block-cover-is-layout-flow\">\n<div class=\"wp-block-uagb-advanced-heading uagb-block-4e4a406f\"><h1 class=\"uagb-heading-text\">Moderating &amp; Leading Discussions<\/h1><\/div>\n<\/div><\/div>\n\n\n\n<div style=\"height:65px\" aria-hidden=\"true\" class=\"wp-block-spacer\"><\/div>\n\n\n\n<p class=\"has-medium-font-size\" style=\"line-height:1.5\">Facilitating debates and panel discussions that bring together reporters, analysts, legal experts, and NGO representatives to address key issues such as journalist safety, access to information, combating disinformation, source protection, and war reporting. These exchanges aim to shed light on the real-world challenges faced by journalists, inform the public, and contribute to the defense of journalism as a profession\u2014supporting those who take risks to ensure pluralistic, high-quality information. <br>Events have included sessions at the M\u00e9morial de Verdun and the Instituto Cervantes.<\/p>\n\n\n\n<div style=\"height:62px\" aria-hidden=\"true\" class=\"wp-block-spacer\"><\/div>\n\n\n\n<div class=\"wp-block-uagb-container uagb-block-9791fcdf alignfull uagb-is-root-container\"><div class=\"uagb-container-inner-blocks-wrap\">\n<div class=\"wp-block-uagb-container uagb-block-1132d6bf\">\n<div class=\"wp-block-uagb-image alignwide uagb-block-93bf7058 wp-block-uagb-image--layout-overlay wp-block-uagb-image--effect-zoomin wp-block-uagb-image--align-wide\"><figure class=\"wp-block-uagb-image__figure\"><img decoding=\"async\" srcset=\"https:\/\/adesmedia.fr\/wp-content\/uploads\/2025\/08\/Memorial_de_Verdun_nouveau-1024x684.jpg ,https:\/\/adesmedia.fr\/wp-content\/uploads\/2025\/08\/Memorial_de_Verdun_nouveau-1024x684.jpg 780w, https:\/\/adesmedia.fr\/wp-content\/uploads\/2025\/08\/Memorial_de_Verdun_nouveau-1024x684.jpg 360w\" sizes=\"auto, (max-width: 480px) 150px\" src=\"https:\/\/adesmedia.fr\/wp-content\/uploads\/2025\/08\/Memorial_de_Verdun_nouveau-1024x684.jpg\" alt=\"\" class=\"uag-image-2322\" width=\"2006\" height=\"1339\" title=\"M\u00e9morial_de_Verdun_nouveau\" loading=\"lazy\" role=\"img\"\/><div class=\"wp-block-uagb-image--layout-overlay__color-wrapper\"><\/div><div class=\"wp-block-uagb-image--layout-overlay__inner center-center\"><h3 class=\"uagb-image-heading\">Verdun Memorial<\/h3><\/div><\/figure><\/div>\n\n\n\n<div class=\"wp-block-uagb-image alignwide uagb-block-ae740ef5 wp-block-uagb-image--layout-overlay wp-block-uagb-image--effect-zoomin wp-block-uagb-image--align-wide\"><figure class=\"wp-block-uagb-image__figure\"><img decoding=\"async\" srcset=\"https:\/\/adesmedia.fr\/wp-content\/uploads\/2026\/01\/1200x900_site-memorial-du-camp-des-milles-16985.jpg ,https:\/\/adesmedia.fr\/wp-content\/uploads\/2026\/01\/1200x900_site-memorial-du-camp-des-milles-16985.jpg 780w, https:\/\/adesmedia.fr\/wp-content\/uploads\/2026\/01\/1200x900_site-memorial-du-camp-des-milles-16985.jpg 360w\" sizes=\"auto, (max-width: 480px) 150px\" src=\"https:\/\/adesmedia.fr\/wp-content\/uploads\/2026\/01\/1200x900_site-memorial-du-camp-des-milles-16985.jpg\" alt=\"\" class=\"uag-image-2795\" width=\"2006\" height=\"1339\" title=\"1200x900_site-memorial-du-camp-des-milles-16985\" loading=\"lazy\" role=\"img\"\/><div class=\"wp-block-uagb-image--layout-overlay__color-wrapper\"><\/div><div class=\"wp-block-uagb-image--layout-overlay__inner center-center\"><h3 class=\"uagb-image-heading\">Camp des Milles<\/h3><\/div><\/figure><\/div>\n<\/div>\n\n\n\n<div class=\"wp-block-uagb-container uagb-block-973928f8\">\n<div class=\"wp-block-uagb-image uagb-block-85e789d5 wp-block-uagb-image--layout-overlay wp-block-uagb-image--effect-zoomin wp-block-uagb-image--align-none\"><figure class=\"wp-block-uagb-image__figure\"><img decoding=\"async\" srcset=\"https:\/\/adesmedia.fr\/wp-content\/uploads\/2025\/08\/Tetuan001_fachada_instituto-cervantes-edited-1024x683.jpg ,https:\/\/adesmedia.fr\/wp-content\/uploads\/2025\/08\/Tetuan001_fachada_instituto-cervantes-scaled.jpg 780w, https:\/\/adesmedia.fr\/wp-content\/uploads\/2025\/08\/Tetuan001_fachada_instituto-cervantes-edited-1024x683.jpg 360w\" sizes=\"auto, (max-width: 480px) 150px\" src=\"https:\/\/adesmedia.fr\/wp-content\/uploads\/2025\/08\/Tetuan001_fachada_instituto-cervantes-edited-1024x683.jpg\" alt=\"\" class=\"uag-image-2328\" width=\"1024\" height=\"683\" title=\"Tetu\u00e1n001_fachada_instituto-cervantes\" loading=\"lazy\" role=\"img\"\/><div class=\"wp-block-uagb-image--layout-overlay__color-wrapper\"><\/div><div class=\"wp-block-uagb-image--layout-overlay__inner center-left\"><h3 class=\"uagb-image-heading\">Cervantes Institute<\/h3><\/div><\/figure><\/div>\n<\/div>\n<\/div><\/div>\n\n\n\n<p><\/p>","protected":false},"excerpt":{"rendered":"<p>Animer des d\u00e9bats et tables rondes entre reporters, analystes, juristes et repr\u00e9sentants d&rsquo;ONG abordant des enjeux cl\u00e9s :&nbsp;la s\u00e9curit\u00e9 des journalistes,&nbsp; l&rsquo;acc\u00e8s \u00e0 l\u2019information,&nbsp;la lutte contre la d\u00e9sinformation,&nbsp;la protection des sources ou encore&nbsp;le reportage de guerre&#8230; Objectif&nbsp; de ces \u00e9changes : \u00e9clairer les publics sur les d\u00e9fis concrets du m\u00e9tier. Et contribuer \u00e0 d\u00e9fendre l\u2019exercice [&hellip;]<\/p>","protected":false},"author":1,"featured_media":0,"parent":0,"menu_order":0,"comment_status":"closed","ping_status":"closed","template":"","meta":{"_uag_custom_page_level_css":"","_monsterinsights_skip_tracking":false,"_monsterinsights_sitenote_active":false,"_monsterinsights_sitenote_note":"","_monsterinsights_sitenote_category":0,"site-sidebar-layout":"default","site-content-layout":"","ast-site-content-layout":"default","site-content-style":"default","site-sidebar-style":"default","ast-global-header-display":"","ast-banner-title-visibility":"","ast-main-header-display":"","ast-hfb-above-header-display":"","ast-hfb-below-header-display":"","ast-hfb-mobile-header-display":"","site-post-title":"disabled","ast-breadcrumbs-content":"","ast-featured-img":"","footer-sml-layout":"","ast-disable-related-posts":"","theme-transparent-header-meta":"","adv-header-id-meta":"","stick-header-meta":"","header-above-stick-meta":"","header-main-stick-meta":"","header-below-stick-meta":"","astra-migrate-meta-layouts":"set","ast-page-background-enabled":"default","ast-page-background-meta":{"desktop":{"background-color":"","background-image":"","background-repeat":"repeat","background-position":"center center","background-size":"auto","background-attachment":"scroll","background-type":"","background-media":"","overlay-type":"","overlay-color":"","overlay-opacity":"","overlay-gradient":""},"tablet":{"background-color":"","background-image":"","background-repeat":"repeat","background-position":"center center","background-size":"auto","background-attachment":"scroll","background-type":"","background-media":"","overlay-type":"","overlay-color":"","overlay-opacity":"","overlay-gradient":""},"mobile":{"background-color":"","background-image":"","background-repeat":"repeat","background-position":"center center","background-size":"auto","background-attachment":"scroll","background-type":"","background-media":"","overlay-type":"","overlay-color":"","overlay-opacity":"","overlay-gradient":""}},"ast-content-background-meta":{"desktop":{"background-color":"var(--ast-global-color-5)","background-image":"","background-repeat":"repeat","background-position":"center center","background-size":"auto","background-attachment":"scroll","background-type":"","background-media":"","overlay-type":"","overlay-color":"","overlay-opacity":"","overlay-gradient":""},"tablet":{"background-color":"var(--ast-global-color-5)","background-image":"","background-repeat":"repeat","background-position":"center center","background-size":"auto","background-attachment":"scroll","background-type":"","background-media":"","overlay-type":"","overlay-color":"","overlay-opacity":"","overlay-gradient":""},"mobile":{"background-color":"var(--ast-global-color-5)","background-image":"","background-repeat":"repeat","background-position":"center center","background-size":"auto","background-attachment":"scroll","background-type":"","background-media":"","overlay-type":"","overlay-color":"","overlay-opacity":"","overlay-gradient":""}},"footnotes":""},"class_list":["post-2073","page","type-page","status-publish","hentry"],"aioseo_notices":[],"uagb_featured_image_src":{"full":false,"thumbnail":false,"medium":false,"medium_large":false,"large":false,"1536x1536":false,"2048x2048":false,"trp-custom-language-flag":false},"uagb_author_info":{"display_name":"nancy.wangue@gmail.com","author_link":"https:\/\/adesmedia.fr\/en\/author\/nancy-wanguegmail-com\/"},"uagb_comment_info":0,"uagb_excerpt":"Animer des d\u00e9bats et tables rondes entre reporters, analystes, juristes et repr\u00e9sentants d&rsquo;ONG abordant des enjeux cl\u00e9s :&nbsp;la s\u00e9curit\u00e9 des journalistes,&nbsp; l&rsquo;acc\u00e8s \u00e0 l\u2019information,&nbsp;la lutte contre la d\u00e9sinformation,&nbsp;la protection des sources ou encore&nbsp;le reportage de guerre&#8230; Objectif&nbsp; de ces \u00e9changes : \u00e9clairer les publics sur les d\u00e9fis concrets du m\u00e9tier. Et contribuer \u00e0 d\u00e9fendre l\u2019exercice&hellip;","_links":{"self":[{"href":"https:\/\/adesmedia.fr\/en\/wp-json\/wp\/v2\/pages\/2073","targetHints":{"allow":["GET"]}}],"collection":[{"href":"https:\/\/adesmedia.fr\/en\/wp-json\/wp\/v2\/pages"}],"about":[{"href":"https:\/\/adesmedia.fr\/en\/wp-json\/wp\/v2\/types\/page"}],"author":[{"embeddable":true,"href":"https:\/\/adesmedia.fr\/en\/wp-json\/wp\/v2\/users\/1"}],"replies":[{"embeddable":true,"href":"https:\/\/adesmedia.fr\/en\/wp-json\/wp\/v2\/comments?post=2073"}],"version-history":[{"count":17,"href":"https:\/\/adesmedia.fr\/en\/wp-json\/wp\/v2\/pages\/2073\/revisions"}],"predecessor-version":[{"id":2796,"href":"https:\/\/adesmedia.fr\/en\/wp-json\/wp\/v2\/pages\/2073\/revisions\/2796"}],"wp:attachment":[{"href":"https:\/\/adesmedia.fr\/en\/wp-json\/wp\/v2\/media?parent=2073"}],"curies":[{"name":"wp","href":"https:\/\/api.w.org\/{rel}","templated":true}]}}