{"id":2072,"date":"2025-07-19T19:19:59","date_gmt":"2025-07-19T19:19:59","guid":{"rendered":"https:\/\/adesmedia.fr\/?page_id=2072"},"modified":"2025-08-24T07:36:01","modified_gmt":"2025-08-24T07:36:01","slug":"former","status":"publish","type":"page","link":"https:\/\/adesmedia.fr\/en\/former\/","title":{"rendered":"Training Journalists &amp; Media Professionals"},"content":{"rendered":"<div class=\"wp-block-uagb-container uagb-block-e992ea0f alignfull uagb-is-root-container\"><div class=\"uagb-container-inner-blocks-wrap\">\n<div class=\"wp-block-uagb-advanced-heading uagb-block-0f682bc3\"><h2 class=\"uagb-heading-text\">Training Journalists &amp; Media Professionals<\/h2><\/div>\n<\/div><\/div>\n\n\n\n<div style=\"height:52px\" aria-hidden=\"true\" class=\"wp-block-spacer\"><\/div>\n\n\n\n<div class=\"wp-block-uagb-container uagb-block-8fa6048e alignfull uagb-is-root-container\"><div class=\"uagb-container-inner-blocks-wrap\">\n<div class=\"wp-block-uagb-container uagb-block-be713844\">\n<p class=\"has-medium-font-size\" style=\"line-height:1.5\">\u2022 Equip journalists in newsrooms with practical knowledge of their rights and the tools they need to keep pursuing investigations, through programs adapted to their professional environment and grounded in their field realities.<\/p>\n\n\n\n<p class=\"has-link-color wp-elements-fc76a92cb874f550980dac4c35e2d8a7 translation-block\" style=\"font-style:normal;font-weight:600;line-height:1.5\">These initiatives have been carried out in partnership with organizations such as Ouest-France, ESJ Pro, Le Courrier de l\u2019Ouest, and France T\u00e9l\u00e9visions.<\/p>\n<\/div>\n\n\n\n<div class=\"wp-block-uagb-container uagb-block-4e570dcc\">\n<p class=\"has-medium-font-size\" style=\"line-height:1.5\">\u2022 Support foreign correspondents covering French news, helping them navigate local rules \u2013 especially regarding law enforcement \u2013 and providing guidance to ensure safe coverage of elections.<\/p>\n<\/div>\n<\/div><\/div>\n\n\n\n<p><\/p>","protected":false},"excerpt":{"rendered":"<p>Former Outiller les journalistes dans les r\u00e9dactions sur leurs droits et les moyens de poursuivre leurs enqu\u00eates, \u00e0 travers des programmes adapt\u00e9s \u00e0 leur environnement professionnel et ancr\u00e9s dans leur r\u00e9alit\u00e9 de terrain. Ouest France, ESJ Pro, Le courrier de l\u2019Ouest, France T\u00e9l\u00e9visions Accompagner les journalistes \u00e9trangers couvrant l\u2019actualit\u00e9 fran\u00e7aise afin de leur permettre de [&hellip;]<\/p>","protected":false},"author":1,"featured_media":0,"parent":0,"menu_order":0,"comment_status":"closed","ping_status":"closed","template":"","meta":{"_uag_custom_page_level_css":"","_monsterinsights_skip_tracking":false,"_monsterinsights_sitenote_active":false,"_monsterinsights_sitenote_note":"","_monsterinsights_sitenote_category":0,"site-sidebar-layout":"default","site-content-layout":"","ast-site-content-layout":"default","site-content-style":"default","site-sidebar-style":"default","ast-global-header-display":"","ast-banner-title-visibility":"","ast-main-header-display":"","ast-hfb-above-header-display":"","ast-hfb-below-header-display":"","ast-hfb-mobile-header-display":"","site-post-title":"disabled","ast-breadcrumbs-content":"","ast-featured-img":"","footer-sml-layout":"","ast-disable-related-posts":"","theme-transparent-header-meta":"","adv-header-id-meta":"","stick-header-meta":"","header-above-stick-meta":"","header-main-stick-meta":"","header-below-stick-meta":"","astra-migrate-meta-layouts":"set","ast-page-background-enabled":"default","ast-page-background-meta":{"desktop":{"background-color":"","background-image":"","background-repeat":"repeat","background-position":"center center","background-size":"auto","background-attachment":"scroll","background-type":"","background-media":"","overlay-type":"","overlay-color":"","overlay-opacity":"","overlay-gradient":""},"tablet":{"background-color":"","background-image":"","background-repeat":"repeat","background-position":"center center","background-size":"auto","background-attachment":"scroll","background-type":"","background-media":"","overlay-type":"","overlay-color":"","overlay-opacity":"","overlay-gradient":""},"mobile":{"background-color":"","background-image":"","background-repeat":"repeat","background-position":"center center","background-size":"auto","background-attachment":"scroll","background-type":"","background-media":"","overlay-type":"","overlay-color":"","overlay-opacity":"","overlay-gradient":""}},"ast-content-background-meta":{"desktop":{"background-color":"var(--ast-global-color-5)","background-image":"","background-repeat":"repeat","background-position":"center center","background-size":"auto","background-attachment":"scroll","background-type":"","background-media":"","overlay-type":"","overlay-color":"","overlay-opacity":"","overlay-gradient":""},"tablet":{"background-color":"var(--ast-global-color-5)","background-image":"","background-repeat":"repeat","background-position":"center center","background-size":"auto","background-attachment":"scroll","background-type":"","background-media":"","overlay-type":"","overlay-color":"","overlay-opacity":"","overlay-gradient":""},"mobile":{"background-color":"var(--ast-global-color-5)","background-image":"","background-repeat":"repeat","background-position":"center center","background-size":"auto","background-attachment":"scroll","background-type":"","background-media":"","overlay-type":"","overlay-color":"","overlay-opacity":"","overlay-gradient":""}},"footnotes":""},"class_list":["post-2072","page","type-page","status-publish","hentry"],"aioseo_notices":[],"uagb_featured_image_src":{"full":false,"thumbnail":false,"medium":false,"medium_large":false,"large":false,"1536x1536":false,"2048x2048":false,"trp-custom-language-flag":false},"uagb_author_info":{"display_name":"nancy.wangue@gmail.com","author_link":"https:\/\/adesmedia.fr\/en\/author\/nancy-wanguegmail-com\/"},"uagb_comment_info":0,"uagb_excerpt":"Former Outiller les journalistes dans les r\u00e9dactions sur leurs droits et les moyens de poursuivre leurs enqu\u00eates, \u00e0 travers des programmes adapt\u00e9s \u00e0 leur environnement professionnel et ancr\u00e9s dans leur r\u00e9alit\u00e9 de terrain. Ouest France, ESJ Pro, Le courrier de l\u2019Ouest, France T\u00e9l\u00e9visions Accompagner les journalistes \u00e9trangers couvrant l\u2019actualit\u00e9 fran\u00e7aise afin de leur permettre de&hellip;","_links":{"self":[{"href":"https:\/\/adesmedia.fr\/en\/wp-json\/wp\/v2\/pages\/2072","targetHints":{"allow":["GET"]}}],"collection":[{"href":"https:\/\/adesmedia.fr\/en\/wp-json\/wp\/v2\/pages"}],"about":[{"href":"https:\/\/adesmedia.fr\/en\/wp-json\/wp\/v2\/types\/page"}],"author":[{"embeddable":true,"href":"https:\/\/adesmedia.fr\/en\/wp-json\/wp\/v2\/users\/1"}],"replies":[{"embeddable":true,"href":"https:\/\/adesmedia.fr\/en\/wp-json\/wp\/v2\/comments?post=2072"}],"version-history":[{"count":20,"href":"https:\/\/adesmedia.fr\/en\/wp-json\/wp\/v2\/pages\/2072\/revisions"}],"predecessor-version":[{"id":2728,"href":"https:\/\/adesmedia.fr\/en\/wp-json\/wp\/v2\/pages\/2072\/revisions\/2728"}],"wp:attachment":[{"href":"https:\/\/adesmedia.fr\/en\/wp-json\/wp\/v2\/media?parent=2072"}],"curies":[{"name":"wp","href":"https:\/\/api.w.org\/{rel}","templated":true}]}}