{"id":2071,"date":"2025-07-19T19:19:59","date_gmt":"2025-07-19T19:19:59","guid":{"rendered":"https:\/\/adesmedia.fr\/?page_id=2071"},"modified":"2025-08-24T07:28:45","modified_gmt":"2025-08-24T07:28:45","slug":"eduquer-sensibiliser-enseigner","status":"publish","type":"page","link":"https:\/\/adesmedia.fr\/en\/eduquer-sensibiliser-enseigner\/","title":{"rendered":"Educating, Raising Awareness, Teaching Media Literacy"},"content":{"rendered":"<div class=\"wp-block-uagb-advanced-heading uagb-block-19447919\"><h2 class=\"uagb-heading-text\">Educating, Raising Awareness, Teaching Media Literacy<\/h2><\/div>\n\n\n\n<div style=\"height:60px\" aria-hidden=\"true\" class=\"wp-block-spacer\"><\/div>\n\n\n\n<p style=\"padding-right:var(--wp--preset--spacing--30);padding-left:0;font-size:22px;line-height:1.5\">From media literacy programs for younger generations to journalism training in higher education, I deliver workshops and lectures for leading institutions. My interventions cover news production, the status and rights of journalists, issues of pluralism, the defense of reliable information, as well as combating disinformation and potential foreign interference.<\/p>\n\n\n\n<p style=\"line-height:1.5\"><strong>These interventions have taken place at renowned institutions such as Sciences Po Journalism school, Universit\u00e9 Paris 8, Le Celsa, La Ligue de l\u2019enseignement, F93, ISFJ, ISCPA, ESJ Lille, and Universit\u00e9 de Kyiv-Mohyla. This experience reflects my commitment to fostering critical thinking, ethical standards, and resilience within the media landscape.<\/strong><\/p>\n\n\n\n<div style=\"height:100px\" aria-hidden=\"true\" class=\"wp-block-spacer\"><\/div>\n\n\n\n<figure class=\"wp-block-image alignfull size-large has-custom-border is-style-rounded\"><img loading=\"lazy\" decoding=\"async\" width=\"1024\" height=\"768\" src=\"https:\/\/adesmedia.fr\/wp-content\/uploads\/2025\/08\/Celsa-eleves-21-mars-2025-1024x768.jpg\" alt=\"\" class=\"wp-image-2173\" style=\"border-radius:56px\" srcset=\"https:\/\/adesmedia.fr\/wp-content\/uploads\/2025\/08\/Celsa-eleves-21-mars-2025-1024x768.jpg 1024w, https:\/\/adesmedia.fr\/wp-content\/uploads\/2025\/08\/Celsa-eleves-21-mars-2025-300x225.jpg 300w, https:\/\/adesmedia.fr\/wp-content\/uploads\/2025\/08\/Celsa-eleves-21-mars-2025-768x576.jpg 768w, https:\/\/adesmedia.fr\/wp-content\/uploads\/2025\/08\/Celsa-eleves-21-mars-2025-1536x1152.jpg 1536w, https:\/\/adesmedia.fr\/wp-content\/uploads\/2025\/08\/Celsa-eleves-21-mars-2025.jpg 1600w\" sizes=\"auto, (max-width: 1024px) 100vw, 1024px\" \/><\/figure>","protected":false},"excerpt":{"rendered":"<p>\u00c9duquer, sensibiliser, enseigner Depuis l\u2019\u00e9ducation aux m\u00e9dias \u00e0 destination des jeunes g\u00e9n\u00e9rations jusqu\u2019\u00e0 l&rsquo;enseignement du journalisme : interventions men\u00e9es aupr\u00e8s de diff\u00e9rentes structures de premier plan portant&nbsp;sur la production de contenus, le statut des journalistes, les questions li\u00e9es au pluralisme et \u00e0 la d\u00e9fense de l\u2019information fiable ainsi que la lutte contre la d\u00e9sinformation et [&hellip;]<\/p>","protected":false},"author":1,"featured_media":0,"parent":0,"menu_order":0,"comment_status":"closed","ping_status":"closed","template":"","meta":{"_uag_custom_page_level_css":"","_monsterinsights_skip_tracking":false,"_monsterinsights_sitenote_active":false,"_monsterinsights_sitenote_note":"","_monsterinsights_sitenote_category":0,"site-sidebar-layout":"default","site-content-layout":"","ast-site-content-layout":"default","site-content-style":"default","site-sidebar-style":"default","ast-global-header-display":"","ast-banner-title-visibility":"","ast-main-header-display":"","ast-hfb-above-header-display":"","ast-hfb-below-header-display":"","ast-hfb-mobile-header-display":"","site-post-title":"disabled","ast-breadcrumbs-content":"","ast-featured-img":"","footer-sml-layout":"","ast-disable-related-posts":"","theme-transparent-header-meta":"","adv-header-id-meta":"","stick-header-meta":"","header-above-stick-meta":"","header-main-stick-meta":"","header-below-stick-meta":"","astra-migrate-meta-layouts":"set","ast-page-background-enabled":"default","ast-page-background-meta":{"desktop":{"background-color":"","background-image":"","background-repeat":"repeat","background-position":"center center","background-size":"auto","background-attachment":"scroll","background-type":"","background-media":"","overlay-type":"","overlay-color":"","overlay-opacity":"","overlay-gradient":""},"tablet":{"background-color":"","background-image":"","background-repeat":"repeat","background-position":"center center","background-size":"auto","background-attachment":"scroll","background-type":"","background-media":"","overlay-type":"","overlay-color":"","overlay-opacity":"","overlay-gradient":""},"mobile":{"background-color":"","background-image":"","background-repeat":"repeat","background-position":"center center","background-size":"auto","background-attachment":"scroll","background-type":"","background-media":"","overlay-type":"","overlay-color":"","overlay-opacity":"","overlay-gradient":""}},"ast-content-background-meta":{"desktop":{"background-color":"var(--ast-global-color-5)","background-image":"","background-repeat":"repeat","background-position":"center center","background-size":"auto","background-attachment":"scroll","background-type":"","background-media":"","overlay-type":"","overlay-color":"","overlay-opacity":"","overlay-gradient":""},"tablet":{"background-color":"var(--ast-global-color-5)","background-image":"","background-repeat":"repeat","background-position":"center center","background-size":"auto","background-attachment":"scroll","background-type":"","background-media":"","overlay-type":"","overlay-color":"","overlay-opacity":"","overlay-gradient":""},"mobile":{"background-color":"var(--ast-global-color-5)","background-image":"","background-repeat":"repeat","background-position":"center center","background-size":"auto","background-attachment":"scroll","background-type":"","background-media":"","overlay-type":"","overlay-color":"","overlay-opacity":"","overlay-gradient":""}},"footnotes":""},"class_list":["post-2071","page","type-page","status-publish","hentry"],"aioseo_notices":[],"uagb_featured_image_src":{"full":false,"thumbnail":false,"medium":false,"medium_large":false,"large":false,"1536x1536":false,"2048x2048":false,"trp-custom-language-flag":false},"uagb_author_info":{"display_name":"nancy.wangue@gmail.com","author_link":"https:\/\/adesmedia.fr\/en\/author\/nancy-wanguegmail-com\/"},"uagb_comment_info":0,"uagb_excerpt":"\u00c9duquer, sensibiliser, enseigner Depuis l\u2019\u00e9ducation aux m\u00e9dias \u00e0 destination des jeunes g\u00e9n\u00e9rations jusqu\u2019\u00e0 l&rsquo;enseignement du journalisme : interventions men\u00e9es aupr\u00e8s de diff\u00e9rentes structures de premier plan portant&nbsp;sur la production de contenus, le statut des journalistes, les questions li\u00e9es au pluralisme et \u00e0 la d\u00e9fense de l\u2019information fiable ainsi que la lutte contre la d\u00e9sinformation et&hellip;","_links":{"self":[{"href":"https:\/\/adesmedia.fr\/en\/wp-json\/wp\/v2\/pages\/2071","targetHints":{"allow":["GET"]}}],"collection":[{"href":"https:\/\/adesmedia.fr\/en\/wp-json\/wp\/v2\/pages"}],"about":[{"href":"https:\/\/adesmedia.fr\/en\/wp-json\/wp\/v2\/types\/page"}],"author":[{"embeddable":true,"href":"https:\/\/adesmedia.fr\/en\/wp-json\/wp\/v2\/users\/1"}],"replies":[{"embeddable":true,"href":"https:\/\/adesmedia.fr\/en\/wp-json\/wp\/v2\/comments?post=2071"}],"version-history":[{"count":18,"href":"https:\/\/adesmedia.fr\/en\/wp-json\/wp\/v2\/pages\/2071\/revisions"}],"predecessor-version":[{"id":2720,"href":"https:\/\/adesmedia.fr\/en\/wp-json\/wp\/v2\/pages\/2071\/revisions\/2720"}],"wp:attachment":[{"href":"https:\/\/adesmedia.fr\/en\/wp-json\/wp\/v2\/media?parent=2071"}],"curies":[{"name":"wp","href":"https:\/\/api.w.org\/{rel}","templated":true}]}}